{"id":675,"date":"2019-01-16T13:33:33","date_gmt":"2019-01-16T13:33:33","guid":{"rendered":"http:\/\/ffwi.myprohost.com\/?page_id=675"},"modified":"2025-07-23T20:57:54","modified_gmt":"2025-07-23T20:57:54","slug":"kdo","status":"publish","type":"page","link":"https:\/\/ff.winzendorf.at\/?page_id=675","title":{"rendered":"VF"},"content":{"rendered":"\n<p>kurz f\u00fcr Versorgungsfahrzeug<\/p>\n<p><strong>Daten:<\/strong> Peugeot Boxer, 2004<\/p>\n<p><strong>Ausr\u00fcstung:<\/strong> T\u00fcr\u00f6ffnungsset, Wespenschutzanzug, als Einsatzleitung verwendbar<\/p>\n<p>wurde in 2024 vom KDO (Kommandofahrzeug zu einem VF (Versorgungsfahrzeug) umgebaut.<\/p>\n\n\n\n<div style=\"height:150px\" aria-hidden=\"true\" class=\"wp-block-spacer\"><\/div>\n\n\n\n<figure class=\"wp-block-gallery has-nested-images columns-default is-cropped wp-block-gallery-1 is-layout-flex wp-block-gallery-is-layout-flex\">\n<figure class=\"wp-block-image\"><a href=\"https:\/\/ff.winzendorf.at\/wp-content\/uploads\/2019\/01\/KDO_1-1.jpg\"><img fetchpriority=\"high\" decoding=\"async\" width=\"1024\" height=\"768\" data-id=\"690\" src=\"https:\/\/ff.winzendorf.at\/wp-content\/uploads\/2019\/01\/KDO_1-1-1024x768.jpg\" alt=\"\" class=\"wp-image-690\" srcset=\"https:\/\/ff.winzendorf.at\/wp-content\/uploads\/2019\/01\/KDO_1-1-1024x768.jpg 1024w, https:\/\/ff.winzendorf.at\/wp-content\/uploads\/2019\/01\/KDO_1-1-300x225.jpg 300w, https:\/\/ff.winzendorf.at\/wp-content\/uploads\/2019\/01\/KDO_1-1-768x576.jpg 768w, https:\/\/ff.winzendorf.at\/wp-content\/uploads\/2019\/01\/KDO_1-1-400x300.jpg 400w, https:\/\/ff.winzendorf.at\/wp-content\/uploads\/2019\/01\/KDO_1-1.jpg 1600w\" sizes=\"(max-width: 1024px) 100vw, 1024px\" \/><\/a><\/figure>\n\n\n\n<figure class=\"wp-block-image\"><a href=\"https:\/\/ff.winzendorf.at\/wp-content\/uploads\/2019\/01\/KDO_3.jpg\"><img decoding=\"async\" width=\"768\" height=\"1024\" data-id=\"678\" src=\"https:\/\/ff.winzendorf.at\/wp-content\/uploads\/2019\/01\/KDO_3-768x1024.jpg\" alt=\"\" class=\"wp-image-678\" srcset=\"https:\/\/ff.winzendorf.at\/wp-content\/uploads\/2019\/01\/KDO_3-768x1024.jpg 768w, https:\/\/ff.winzendorf.at\/wp-content\/uploads\/2019\/01\/KDO_3-225x300.jpg 225w, https:\/\/ff.winzendorf.at\/wp-content\/uploads\/2019\/01\/KDO_3.jpg 1200w\" sizes=\"(max-width: 768px) 100vw, 768px\" \/><\/a><\/figure>\n\n\n\n<figure class=\"wp-block-image\"><a href=\"https:\/\/ff.winzendorf.at\/wp-content\/uploads\/2019\/01\/KDO_2.jpg\"><img decoding=\"async\" width=\"768\" height=\"1024\" data-id=\"677\" src=\"https:\/\/ff.winzendorf.at\/wp-content\/uploads\/2019\/01\/KDO_2-768x1024.jpg\" alt=\"\" class=\"wp-image-677\" srcset=\"https:\/\/ff.winzendorf.at\/wp-content\/uploads\/2019\/01\/KDO_2-768x1024.jpg 768w, https:\/\/ff.winzendorf.at\/wp-content\/uploads\/2019\/01\/KDO_2-225x300.jpg 225w, https:\/\/ff.winzendorf.at\/wp-content\/uploads\/2019\/01\/KDO_2.jpg 1200w\" sizes=\"(max-width: 768px) 100vw, 768px\" \/><\/a><\/figure>\n<\/figure>\n\n\n","protected":false},"excerpt":{"rendered":"<p>kurz f\u00fcr Versorgungsfahrzeug Daten: Peugeot Boxer, 2004 Ausr\u00fcstung: T\u00fcr\u00f6ffnungsset, Wespenschutzanzug, als Einsatzleitung verwendbar wurde in 2024 vom KDO (Kommandofahrzeug zu einem VF (Versorgungsfahrzeug) umgebaut.<\/p>\n","protected":false},"author":1,"featured_media":0,"parent":0,"menu_order":0,"comment_status":"closed","ping_status":"closed","template":"","meta":{"footnotes":""},"class_list":["post-675","page","type-page","status-publish","hentry"],"_links":{"self":[{"href":"https:\/\/ff.winzendorf.at\/index.php?rest_route=\/wp\/v2\/pages\/675","targetHints":{"allow":["GET"]}}],"collection":[{"href":"https:\/\/ff.winzendorf.at\/index.php?rest_route=\/wp\/v2\/pages"}],"about":[{"href":"https:\/\/ff.winzendorf.at\/index.php?rest_route=\/wp\/v2\/types\/page"}],"author":[{"embeddable":true,"href":"https:\/\/ff.winzendorf.at\/index.php?rest_route=\/wp\/v2\/users\/1"}],"replies":[{"embeddable":true,"href":"https:\/\/ff.winzendorf.at\/index.php?rest_route=%2Fwp%2Fv2%2Fcomments&post=675"}],"version-history":[{"count":6,"href":"https:\/\/ff.winzendorf.at\/index.php?rest_route=\/wp\/v2\/pages\/675\/revisions"}],"predecessor-version":[{"id":3606,"href":"https:\/\/ff.winzendorf.at\/index.php?rest_route=\/wp\/v2\/pages\/675\/revisions\/3606"}],"wp:attachment":[{"href":"https:\/\/ff.winzendorf.at\/index.php?rest_route=%2Fwp%2Fv2%2Fmedia&parent=675"}],"curies":[{"name":"wp","href":"https:\/\/api.w.org\/{rel}","templated":true}]}}