{"id":146,"date":"2018-12-29T15:00:41","date_gmt":"2018-12-29T15:00:41","guid":{"rendered":"http:\/\/ffwi.myprohost.com\/?page_id=146"},"modified":"2025-07-22T20:23:12","modified_gmt":"2025-07-22T20:23:12","slug":"meilensteine","status":"publish","type":"page","link":"https:\/\/ff.winzendorf.at\/?page_id=146","title":{"rendered":"Meilensteine"},"content":{"rendered":"\n<figure class=\"wp-block-table aligncenter is-style-stripes\"><style>\ntable.has-fixed-layout tr td:first-of-type{\n  width:10%;\n  vertical-align:top;\n}\ntable.has-fixed-layout tr td:last-of-type{\n  width:90%;\n}\n@media(max-width:1000px){\n  table.has-fixed-layout tr td:first-of-type{\n    width:70px!important;\n  }\n  table.has-fixed-layout tr td:last-of-type{\n    width:calc(100% - 70px)!important;\n  }\n}\n<\/style><table class=\"has-fixed-layout\"><tbody><tr><td><strong>2024<\/strong><\/td><td>Anschaffung eines neuen Mannschaftstransportfahrzeuges Allrad (kurz: MTFA) der Marke Mercedes Benz Vito. Er wurde am 09.05.2024 bei der Fahrzeugweihe feierlich \u00fcbergeben. Fahrzeugpatin: Ernestine Kostak<br><br>Umbau des altes Kommandofahrzeug (kurz: KDO) als Versorgerfahrzeug (kurz: VF)<\/td><\/tr><tr><td><strong>2016<\/strong><\/td><td><a href=\"https:\/\/ff.winzendorf.at\/?page_id=407\">135-j\u00e4hriges Gr\u00fcndungsfest<\/a><\/td><\/tr><tr><td><strong>2008<\/strong><\/td><td>Einbau\n  neuer Tore<\/td><\/tr><tr><td><strong>2005<\/strong><\/td><td>Neues RLF 2000 wird im Dezember von der\n  Firma Rosenbauer ausgeliefert.<\/td><\/tr><tr><td><strong>2004<\/strong><\/td><td>Erstes\n  weibliches Feuerwehr-Mitglied tritt in die Freiwillige Feuerwehr Winzendorf\n  ein.<\/td><\/tr><tr><td><strong>2003<\/strong><\/td><td>Die Wettkampfgruppe I unserer Wehr\n  nimmt erstmals an den Bundes-Leistungsbewerben in Innsbruck teil.<\/td><\/tr><tr><td><strong>2002<\/strong><\/td><td>Die\n  Wettkampfgruppe I startet erstmals beim Fire-Cup, dem Parallelbewerb bei den\n  Landes-Leistungsbewerben in Melk!<\/td><\/tr><tr><td><strong>2001<\/strong><\/td><td>Die Bezirkswettk\u00e4mpfe finden in\n  Winzendorf statt. Die Wettkampfgruppe I erreicht den 19. Platz beim\n  Landesbewerb und qualifiziert sich erstmals f\u00fcr den Fire-Cup!<\/td><\/tr><tr><td><strong>2000<\/strong><\/td><td>Erstmals\n  nehmen drei Gruppen an den Landesbewerben teil.<\/td><\/tr><tr><td><strong>1999<\/strong><\/td><td>Ankauf eines KLFA-W Marke MB 814 Vario\n  und Verkauf des alten LF. Die Wettkampfgruppe landet beim Landesbewerb am\n  undankbaren 21. Platz und verpasst den Fire-Cup um l\u00e4cherliche 3\n  Zehntelsekunden.<\/td><\/tr><tr><td><strong>1998<\/strong><\/td><td>Zubau\n  zum Feuerwehrhaus wird fertiggestellt. Darin werden ein ger\u00e4umiges B\u00fcro und\n  eine Einsatzzentrale eingerichtet. Im alten B\u00fcro erh\u00e4lt die Jugend einen\n  eigenen Raum.<\/td><\/tr><tr><td><strong>1997<\/strong><\/td><td>Die Wettkampfgruppe l landet erstmals\n  unter den Top-50 des Landesbewerbes<\/td><\/tr><tr><td><strong>1992<\/strong><\/td><td>Ankauf\n  eines SRF Marke MB 1131 von der FF Wr.Neustadt und Umbau des KRF in ein KDO\n  (f\u00fcr Mannschaftstransporte und Einsatzleitung).<\/td><\/tr><tr><td><strong>1984<\/strong><\/td><td>Ankauf eines KRF Marke VW LT 35 bei der\n  Fa. Rosenbauer<\/td><\/tr><tr><td><strong>1981<\/strong><\/td><td>Ankauf\n  eines TLF 4000 Marke Steyr 791 bei der Fa. Rosenbauer<\/td><\/tr><tr><td><strong>1978<\/strong><\/td><td>Gr\u00fcndung einer Jugendfeuerwehrgruppe<\/td><\/tr><tr><td><strong>1972<\/strong><\/td><td>Das\n  neue Feuerwehrhaus wird nach zweij\u00e4hriger Bauzeit bezogen.<\/td><\/tr><tr><td><strong>1970<\/strong><\/td><td>Am 31. Mai finden die Bezirkswettk\u00e4mpfe\n  in Winzendorf statt.<\/td><\/tr><tr><td><strong>1969<\/strong><\/td><td>Am 11. Juni erfolgt der Ankauf eines gebrauchten MTF Marke VW. Dieses Fahrzeug war bis ins Jahr 1994 im Einsatz und diente dem Sportverein noch jahrelang als Vereinsbus.<\/td><\/tr><tr><td><strong>1965<\/strong><\/td><td>Am 15. Juni wird bei der Fa. Rosenbauer\n  eine TS 750 Marke VW bestellt. Die Tragkraftspritze wird am 2. Oktober\n  geliefert und ersetzt die alten Spritzen.<\/td><\/tr><tr><td><strong>1960<\/strong><\/td><td>Am\n  23. Februar erfolgt der Ankauf des ersten neuen L\u00f6schfahrzeuges Marke Opel\n  Blitz mit Vorbaupumpe, welches im November von der Fa. Rosenbauer geliefert\n  wird. Die Segnung erfolgt am 7.Mai 1961. Dieses Fahrzeug war bis 1998 im\n  Einsatz.<\/td><\/tr><tr><td><strong>1954<\/strong><\/td><td>Ankauf einer Schmutzwasserpumpe<\/td><\/tr><tr><td><strong>1947<\/strong><\/td><td>Ankauf\n  des ersten L\u00f6schfahrzeuges Marke FORDSON aus Milit\u00e4rbest\u00e4nden<\/td><\/tr><tr><td><strong>1937<\/strong><\/td><td>Ankauf einer zweiten Viertakt\n  Motorspritze mit Anh\u00e4nger<\/td><\/tr><tr><td><strong>1929<\/strong><\/td><td>Ankauf\n  einer Viertakt Motorspritze mit Anh\u00e4nger<\/td><\/tr><tr><td><strong>1922<\/strong><\/td><td>Neubau eines Feuerwehrhauses, das 1923\n  gesegnet wird. Der Bau kostete 17.268.329 Kronen, obwohl ein Gro\u00dfteil der\n  Arbeit in Eigenregie durchgef\u00fchrt wurde.<\/td><\/tr><tr><td><strong>1902<\/strong><\/td><td>Eine\n  zweite Hochdruckspritze wird angeschafft.<\/td><\/tr><tr><td><strong>1881<\/strong><\/td><td>Gr\u00fcndung der FF Winzendorf durch den\n  damaligen Schuldirektor Josef Herzog. Die Ausr\u00fcstung besteht aus einer von\n  Pferden gezogenen Hochdruckspritze. Zum ersten Einsatz r\u00fccken bereits 38 Mann\n  aus.<\/td><\/tr><\/tbody><\/table><\/figure>\n\n\n","protected":false},"excerpt":{"rendered":"","protected":false},"author":1,"featured_media":0,"parent":1511,"menu_order":0,"comment_status":"closed","ping_status":"closed","template":"","meta":{"footnotes":""},"class_list":["post-146","page","type-page","status-publish","hentry"],"_links":{"self":[{"href":"https:\/\/ff.winzendorf.at\/index.php?rest_route=\/wp\/v2\/pages\/146","targetHints":{"allow":["GET"]}}],"collection":[{"href":"https:\/\/ff.winzendorf.at\/index.php?rest_route=\/wp\/v2\/pages"}],"about":[{"href":"https:\/\/ff.winzendorf.at\/index.php?rest_route=\/wp\/v2\/types\/page"}],"author":[{"embeddable":true,"href":"https:\/\/ff.winzendorf.at\/index.php?rest_route=\/wp\/v2\/users\/1"}],"replies":[{"embeddable":true,"href":"https:\/\/ff.winzendorf.at\/index.php?rest_route=%2Fwp%2Fv2%2Fcomments&post=146"}],"version-history":[{"count":4,"href":"https:\/\/ff.winzendorf.at\/index.php?rest_route=\/wp\/v2\/pages\/146\/revisions"}],"predecessor-version":[{"id":3582,"href":"https:\/\/ff.winzendorf.at\/index.php?rest_route=\/wp\/v2\/pages\/146\/revisions\/3582"}],"up":[{"embeddable":true,"href":"https:\/\/ff.winzendorf.at\/index.php?rest_route=\/wp\/v2\/pages\/1511"}],"wp:attachment":[{"href":"https:\/\/ff.winzendorf.at\/index.php?rest_route=%2Fwp%2Fv2%2Fmedia&parent=146"}],"curies":[{"name":"wp","href":"https:\/\/api.w.org\/{rel}","templated":true}]}}