{"id":1336,"date":"2019-03-07T08:53:36","date_gmt":"2019-03-07T08:53:36","guid":{"rendered":"http:\/\/ffwi.myprohost.com\/?page_id=1336"},"modified":"2025-01-08T09:17:09","modified_gmt":"2025-01-08T09:17:09","slug":"ebr-kofler-heinrich","status":"publish","type":"page","link":"https:\/\/ff.winzendorf.at\/?page_id=1336","title":{"rendered":"EBR KOFLER Heinrich"},"content":{"rendered":"\n<hr class=\"wp-block-separator has-css-opacity\"\/>\n\n\n\n<figure class=\"wp-block-image is-resized\"><a href=\"https:\/\/ff.winzendorf.at\/wp-content\/uploads\/2019\/02\/Kofler.jpg\"><img fetchpriority=\"high\" decoding=\"async\" width=\"740\" height=\"1024\" src=\"https:\/\/ff.winzendorf.at\/wp-content\/uploads\/2019\/02\/Kofler-740x1024.jpg\" alt=\"\" class=\"wp-image-1287\" style=\"width:370px;height:512px\" srcset=\"https:\/\/ff.winzendorf.at\/wp-content\/uploads\/2019\/02\/Kofler.jpg 740w, https:\/\/ff.winzendorf.at\/wp-content\/uploads\/2019\/02\/Kofler-217x300.jpg 217w\" sizes=\"(max-width: 740px) 100vw, 740px\" \/><\/a><\/figure>\n\n\n\n<hr class=\"wp-block-separator has-css-opacity\"\/>\n\n\n\n<h3 class=\"wp-block-heading\">Beitritt<\/h3>\n\n\n\n<table class=\"alignleft\" style=\"height: 10px;\">\n<tbody>\n<tr style=\"height: 30px;\">\n<td style=\"width: 123.65px; height: 10px;\"><strong>Beitrittsdatum<\/strong><\/td>\n<td style=\"width: 436.35px; height: 10px;\">06.01.1968<\/td>\n<\/tr>\n<\/tbody>\n<\/table>\n\n\n\n<hr class=\"wp-block-separator has-css-opacity\"\/>\n\n\n\n<div style=\"height:35px\" aria-hidden=\"true\" class=\"wp-block-spacer\"><\/div>\n\n\n\n<h3 class=\"wp-block-heading\">Leistungsabzeichen<\/h3>\n\n\n\n<table class=\"alignleft\" style=\"height: 94px;\">\n<tbody>\n<tr style=\"height: 30px;\">\n<td style=\"width: 121.717px; height: 30px;\"><strong>1974<br><\/strong><\/td>\n<td style=\"width: 438.283px; height: 30px;\">Feuerwehrleistungsabzeichen Gold<\/td>\n<\/tr>\n<tr style=\"height: 32px;\">\n<td style=\"width: 121.717px; height: 32px;\"><strong>1981<\/strong><\/td>\n<td style=\"width: 438.283px; height: 32px;\">Feuerwehrfunkleistungsabzeichen Silber<\/td>\n<\/tr>\n<tr style=\"height: 32px;\">\n<td style=\"width: 121.717px; height: 32px;\"><strong>2000<\/strong><\/td>\n<td style=\"width: 438.283px; height: 32px;\">Feuerwehrleistungsabzeichen Bronze<\/td>\n<\/tr>\n<\/tbody>\n<\/table>\n\n\n\n<hr class=\"wp-block-separator has-css-opacity\"\/>\n\n\n\n<div style=\"height:35px\" aria-hidden=\"true\" class=\"wp-block-spacer\"><\/div>\n\n\n\n<h3 class=\"wp-block-heading\">Besondere Auszeichnungen<\/h3>\n\n\n\n<table class=\"alignleft\" style=\"height: 10px;\">\n<tbody>\n<tr>\n<td style=\"width: 121.717px;\"><strong>1981<br \/><\/strong><\/td>\n<td style=\"width: 438.283px;\">Verdienstzeichen N\u00d6 LFV 3. Klasse in Bronze<\/td>\n<\/tr>\n<tr>\n<td style=\"width: 121.717px;\"><strong>1989<br \/><\/strong><\/td>\n<td style=\"width: 438.283px;\">Verdienstzeichen \u00d6BFV 3. Stufe<\/td>\n<\/tr>\n<tr style=\"height: 30px;\">\n<td style=\"width: 121.717px; height: 10px;\"><strong>1993<\/strong><\/td>\n<td style=\"width: 438.283px; height: 10px;\">Ehrenzeichen f\u00fcr vielj\u00e4hrige verdienstvolle T\u00e4tigkeit auf dem Gebiete des Feuerwehr- und Rettungswesens 25 Jahre<\/td>\n<\/tr>\n<tr>\n<td style=\"width: 121.717px;\"><strong>1996<br \/><\/strong><\/td>\n<td style=\"width: 438.283px;\">Verdienstzeichen N\u00d6 LFV 2. Klasse in Silber<\/td>\n<\/tr>\n<tr>\n<td style=\"width: 121.717px;\"><strong>2001<br \/><\/strong><\/td>\n<td style=\"width: 438.283px;\">Verdienstzeichen \u00d6BFV 2. Stufe<\/td>\n<\/tr>\n<tr>\n<td style=\"width: 121.717px;\"><strong>2004<br \/><\/strong><\/td>\n<td style=\"width: 438.283px;\">Verdienstzeichen N\u00d6 LFV 1. Klasse in Gold<\/td>\n<\/tr>\n<tr>\n<td style=\"width: 121.717px;\"><strong>2008<br \/><\/strong><\/td>\n<td style=\"width: 438.283px;\">Ehrenzeichen f\u00fcr vielj\u00e4hrige verdienstvolle T\u00e4tigkeit auf dem Gebiete des Feuerwehr- und Rettungswesens 40 Jahre<\/td>\n<\/tr>\n<tr>\n<td style=\"width: 121.717px;\"><strong>2018<br \/><\/strong><\/td>\n<td style=\"width: 438.283px;\">Ehrenzeichen f\u00fcr vielj\u00e4hrige verdienstvolle T\u00e4tigkeit auf dem Gebiete des Feuerwehr- und Rettungswesens 50 Jahre<\/td>\n<\/tr>\n<tr>\n<td style=\"width: 121.717px;\"><strong>2018<br \/><\/strong><\/td>\n<td style=\"width: 438.283px;\">Verdienstmedaille N\u00d6 LFV 2. Klasse in Silber<\/td>\n<\/tr>\n<\/tbody>\n<\/table>\n","protected":false},"excerpt":{"rendered":"<p>Beitritt Beitrittsdatum 06.01.1968 Leistungsabzeichen 1974 Feuerwehrleistungsabzeichen Gold 1981 Feuerwehrfunkleistungsabzeichen Silber 2000 Feuerwehrleistungsabzeichen Bronze Besondere Auszeichnungen 1981 Verdienstzeichen N\u00d6 LFV 3. Klasse in Bronze 1989 Verdienstzeichen \u00d6BFV 3. Stufe 1993 Ehrenzeichen f\u00fcr vielj\u00e4hrige verdienstvolle T\u00e4tigkeit auf dem Gebiete des Feuerwehr- und Rettungswesens 25 Jahre 1996 Verdienstzeichen N\u00d6 LFV 2. Klasse in Silber 2001 Verdienstzeichen \u00d6BFV 2. [&hellip;]<\/p>\n","protected":false},"author":1,"featured_media":0,"parent":1030,"menu_order":0,"comment_status":"closed","ping_status":"closed","template":"","meta":{"footnotes":""},"class_list":["post-1336","page","type-page","status-publish","hentry"],"_links":{"self":[{"href":"https:\/\/ff.winzendorf.at\/index.php?rest_route=\/wp\/v2\/pages\/1336","targetHints":{"allow":["GET"]}}],"collection":[{"href":"https:\/\/ff.winzendorf.at\/index.php?rest_route=\/wp\/v2\/pages"}],"about":[{"href":"https:\/\/ff.winzendorf.at\/index.php?rest_route=\/wp\/v2\/types\/page"}],"author":[{"embeddable":true,"href":"https:\/\/ff.winzendorf.at\/index.php?rest_route=\/wp\/v2\/users\/1"}],"replies":[{"embeddable":true,"href":"https:\/\/ff.winzendorf.at\/index.php?rest_route=%2Fwp%2Fv2%2Fcomments&post=1336"}],"version-history":[{"count":5,"href":"https:\/\/ff.winzendorf.at\/index.php?rest_route=\/wp\/v2\/pages\/1336\/revisions"}],"predecessor-version":[{"id":3337,"href":"https:\/\/ff.winzendorf.at\/index.php?rest_route=\/wp\/v2\/pages\/1336\/revisions\/3337"}],"up":[{"embeddable":true,"href":"https:\/\/ff.winzendorf.at\/index.php?rest_route=\/wp\/v2\/pages\/1030"}],"wp:attachment":[{"href":"https:\/\/ff.winzendorf.at\/index.php?rest_route=%2Fwp%2Fv2%2Fmedia&parent=1336"}],"curies":[{"name":"wp","href":"https:\/\/api.w.org\/{rel}","templated":true}]}}