{"id":13,"date":"2018-12-22T17:51:59","date_gmt":"2018-12-22T17:51:59","guid":{"rendered":"http:\/\/ffwi.myprohost.com\/?page_id=13"},"modified":"2019-07-03T12:51:06","modified_gmt":"2019-07-03T12:51:06","slug":"sicherheitstipps","status":"publish","type":"page","link":"https:\/\/ff.winzendorf.at\/?page_id=13","title":{"rendered":"Sicherheitstipps"},"content":{"rendered":"\n<table style=\"border-color: #ffffff; background-color: #ffffff; height: 219px; width: 351px;\">\n<tbody>\n<tr style=\"height: 10px; background-color: #ce1b28;\">\n<th style=\"height: 10px; width: 347px; text-align: left; vertical-align: middle;\" colspan=\"2\">\n<h4><span style=\"color: #ffffff;\"><strong>Notrufnummern<\/strong><\/span><\/h4>\n<\/th>\n<\/tr>\n<tr style=\"height: 30px;\">\n<td style=\"height: 30px; width: 221.467px;\">Feuerwehr<\/td>\n<td style=\"height: 30px; width: 123.533px;\">122<\/td>\n<\/tr>\n<tr style=\"height: 30px;\">\n<td style=\"width: 221.467px; height: 30px;\">Polizei<\/td>\n<td style=\"width: 123.533px; height: 30px;\">133<\/td>\n<\/tr>\n<tr style=\"height: 30px;\">\n<td style=\"width: 221.467px; height: 30px;\">Rettung<\/td>\n<td style=\"width: 123.533px; height: 30px;\">144<\/td>\n<\/tr>\n<tr style=\"height: 30px;\">\n<td style=\"width: 221.467px; height: 30px;\">Euronotruf<\/td>\n<td style=\"width: 123.533px; height: 30px;\">112<\/td>\n<\/tr>\n<tr style=\"height: 30px;\">\n<td style=\"width: 221.467px; height: 30px;\">\u00c4rzte Notdienst<\/td>\n<td style=\"width: 123.533px; height: 30px;\">141<\/td>\n<\/tr>\n<tr style=\"height: 59px;\">\n<td style=\"width: 221.467px; height: 59px;\">\u00d6sterreichische Bergrettung<\/td>\n<td style=\"width: 123.533px; height: 59px;\">140<\/td>\n<\/tr>\n<tr>\n<td style=\"width: 221.467px;\">Rat auf Draht<\/td>\n<td style=\"width: 123.533px;\">147<\/td>\n<\/tr>\n<tr>\n<td style=\"width: 221.467px;\">Frauenhelpline<\/td>\n<td style=\"width: 123.533px;\">01 71 71 9<\/td>\n<\/tr>\n<tr>\n<td style=\"width: 221.467px;\">Telefonseelsorge<\/td>\n<td style=\"width: 123.533px;\">142<\/td>\n<\/tr>\n<tr>\n<td style=\"width: 221.467px;\">Gasgebrechen<\/td>\n<td style=\"width: 123.533px;\">128<\/td>\n<\/tr>\n<tr>\n<td style=\"width: 221.467px;\">ARB\u00d6<\/td>\n<td style=\"width: 123.533px;\">123<\/td>\n<\/tr>\n<tr>\n<td style=\"width: 221.467px;\">\u00d6AMTC<\/td>\n<td style=\"width: 123.533px;\">120<\/td>\n<\/tr>\n<tr>\n<td style=\"width: 221.467px;\">Vergiftungszentrale<\/td>\n<td style=\"width: 123.533px;\">01 406 43 43<\/td>\n<\/tr>\n<\/tbody>\n<\/table>\n\n\n\n<div style=\"height:100px\" aria-hidden=\"true\" class=\"wp-block-spacer\"><\/div>\n\n\n\n<h4 class=\"wp-block-heading\"><strong>Angaben bei einem Notruf<\/strong><\/h4>\n\n\n\n<p><strong>WER<\/strong> ruft an? Geben Sie auch an, wo Sie zur\u00fcckgerufen werden k\u00f6nnen!<\/p>\n<p><strong>WAS<\/strong> ist passiert? Was brennt?<\/p>\n<p><strong>WIE VIELE<\/strong> Personen sind betroffen?<\/p>\n<p><strong>WO<\/strong> ist das Schadensereignis? <br>Ort, Stra\u00dfe, Hausnummer, Stockwerk, T\u00fcr, Kilometerstein, Zufahrtswege etc. Bei Autobahnen und Schnellstra\u00dfen auch die Nummer (z.B. A2, S4), den Baukilometer (alle 500m an einer kleinen blauen Tafel ablesbar) und die Richtungsfahrbahn angeben.<\/p>\n\n\n\n<div style=\"height:100px\" aria-hidden=\"true\" class=\"wp-block-spacer\"><\/div>\n\n\n\n<h2 class=\"wp-block-heading\">Sirenensignale in \u00d6sterreich<\/h2>\n\n\n\n<div class=\"wp-block-file\"><a href=\"https:\/\/ff.winzendorf.at\/wp-content\/uploads\/2019\/01\/10_sirenensignale.pdf\">10_sirenensignale<\/a><a href=\"https:\/\/ff.winzendorf.at\/wp-content\/uploads\/2019\/01\/10_sirenensignale.pdf\" class=\"wp-block-file__button\" download>Herunterladen<\/a><\/div>\n\n\n\n<table style=\"width: 700px;\">\n<tbody>\n<tr>\n<td style=\"width: 141.317px;\"><strong>Warnung<\/strong><\/td>\n<td style=\"width: 260.433px;\">3-min\u00fctiger gleichbleibender Dauerton &#8211; Gefahrensituation<\/td>\n<td style=\"width: 72.1333px;\"><img decoding=\"async\" class=\"alignnone size-full wp-image-882\" src=\"https:\/\/ff.winzendorf.at\/wp-content\/uploads\/2019\/01\/signal_warnung.png\" alt=\"\" width=\"60\" height=\"11\"><\/td>\n<td style=\"width: 72.1167px;\">\n<p><a href=\"https:\/\/ff.winzendorf.at\/wp-content\/uploads\/2019\/01\/warnung.mp3\" target=\"_blank\" rel=\"noopener noreferrer\"><img decoding=\"async\" class=\"aligncenter wp-image-889\" src=\"https:\/\/ff.winzendorf.at\/wp-content\/uploads\/2019\/01\/icons8-ton-50.png\" alt=\"\" width=\"35\" height=\"35\"><\/a><\/p>\n<\/td>\n<\/tr>\n<tr>\n<td style=\"width: 141.317px;\"><strong>Alarm<\/strong><\/td>\n<td style=\"width: 260.433px;\">Auf- und abschwellender Heulton ca. 1 Minute. Unmittelbare Gefahr!<\/td>\n<td style=\"width: 72.1333px;\"><img decoding=\"async\" class=\"alignnone size-full wp-image-881\" src=\"https:\/\/ff.winzendorf.at\/wp-content\/uploads\/2019\/01\/signal_alarm.png\" alt=\"\" width=\"63\" height=\"14\"><\/td>\n<td style=\"width: 72.1167px;\"><a href=\"https:\/\/ff.winzendorf.at\/wp-content\/uploads\/2019\/01\/alarm.mp3\" target=\"_blank\" rel=\"noopener noreferrer\"><img decoding=\"async\" class=\"aligncenter wp-image-889\" src=\"https:\/\/ff.winzendorf.at\/wp-content\/uploads\/2019\/01\/icons8-ton-50.png\" alt=\"\" width=\"35\" height=\"35\"><\/a><\/td>\n<\/tr>\n<tr>\n<td style=\"width: 141.317px;\"><strong>Entwarnung<\/strong><\/td>\n<td style=\"width: 260.433px;\">1-min\u00fctiger gleichbleibender Dauerton. Ende der Gefahrensituation!<\/td>\n<td style=\"width: 72.1333px;\">&nbsp;<img loading=\"lazy\" decoding=\"async\" class=\"alignnone size-full wp-image-880\" src=\"https:\/\/ff.winzendorf.at\/wp-content\/uploads\/2019\/01\/signal_entwarnung.png\" alt=\"\" width=\"41\" height=\"12\"><\/td>\n<td style=\"width: 72.1167px;\">\n<p><a href=\"https:\/\/ff.winzendorf.at\/wp-content\/uploads\/2019\/01\/entwarnung.mp3\" target=\"_blank\" rel=\"noopener noreferrer\"><img decoding=\"async\" class=\"aligncenter wp-image-889\" src=\"https:\/\/ff.winzendorf.at\/wp-content\/uploads\/2019\/01\/icons8-ton-50.png\" alt=\"\" width=\"35\" height=\"35\"><\/a><\/p>\n<\/td>\n<\/tr>\n<tr>\n<td style=\"width: 141.317px;\"><strong>Feuerwehralarm<\/strong><\/td>\n<td style=\"width: 260.433px;\">Sirenensignal 3x 15 Sekunden<\/td>\n<td style=\"width: 72.1333px;\">&nbsp;<img loading=\"lazy\" decoding=\"async\" class=\"alignnone size-full wp-image-879\" src=\"https:\/\/ff.winzendorf.at\/wp-content\/uploads\/2019\/01\/signal_feuerwehr.png\" alt=\"\" width=\"69\" height=\"10\"><\/td>\n<td style=\"width: 72.1167px;\">&nbsp;<\/td>\n<\/tr>\n<\/tbody>\n<\/table>\n\n\n\n<p>Quelle: <a href=\"https:\/\/zivilschutzverband.at\/de\/downloads\/sirenensignale\" target=\"_blank\" rel=\"noopener noreferrer\">https:\/\/zivilschutzverband.at\/de\/downloads\/sirenensignale<\/a><\/p>\n","protected":false},"excerpt":{"rendered":"<p>Notrufnummern Feuerwehr 122 Polizei 133 Rettung 144 Euronotruf 112 \u00c4rzte Notdienst 141 \u00d6sterreichische Bergrettung 140 Rat auf Draht 147 Frauenhelpline 01 71 71 9 Telefonseelsorge 142 Gasgebrechen 128 ARB\u00d6 123 \u00d6AMTC 120 Vergiftungszentrale 01 406 43 43 Angaben bei einem Notruf WER ruft an? Geben Sie auch an, wo Sie zur\u00fcckgerufen werden k\u00f6nnen! WAS ist [&hellip;]<\/p>\n","protected":false},"author":1,"featured_media":0,"parent":0,"menu_order":0,"comment_status":"closed","ping_status":"closed","template":"","meta":{"footnotes":""},"class_list":["post-13","page","type-page","status-publish","hentry"],"_links":{"self":[{"href":"https:\/\/ff.winzendorf.at\/index.php?rest_route=\/wp\/v2\/pages\/13","targetHints":{"allow":["GET"]}}],"collection":[{"href":"https:\/\/ff.winzendorf.at\/index.php?rest_route=\/wp\/v2\/pages"}],"about":[{"href":"https:\/\/ff.winzendorf.at\/index.php?rest_route=\/wp\/v2\/types\/page"}],"author":[{"embeddable":true,"href":"https:\/\/ff.winzendorf.at\/index.php?rest_route=\/wp\/v2\/users\/1"}],"replies":[{"embeddable":true,"href":"https:\/\/ff.winzendorf.at\/index.php?rest_route=%2Fwp%2Fv2%2Fcomments&post=13"}],"version-history":[{"count":53,"href":"https:\/\/ff.winzendorf.at\/index.php?rest_route=\/wp\/v2\/pages\/13\/revisions"}],"predecessor-version":[{"id":1755,"href":"https:\/\/ff.winzendorf.at\/index.php?rest_route=\/wp\/v2\/pages\/13\/revisions\/1755"}],"wp:attachment":[{"href":"https:\/\/ff.winzendorf.at\/index.php?rest_route=%2Fwp%2Fv2%2Fmedia&parent=13"}],"curies":[{"name":"wp","href":"https:\/\/api.w.org\/{rel}","templated":true}]}}