{"id":1260,"date":"2019-02-21T14:26:06","date_gmt":"2019-02-21T14:26:06","guid":{"rendered":"http:\/\/ffwi.myprohost.com\/?page_id=1260"},"modified":"2025-07-24T19:33:30","modified_gmt":"2025-07-24T19:33:30","slug":"hfm-weisgram-karl","status":"publish","type":"page","link":"https:\/\/ff.winzendorf.at\/?page_id=1260","title":{"rendered":"HFM WEISGRAM Karl"},"content":{"rendered":"\n<hr class=\"wp-block-separator has-css-opacity\"\/>\n\n\n\n<h3 class=\"wp-block-heading\">Beitritt<\/h3>\n\n\n\n<table class=\"alignleft\" style=\"height: 10px;\">\n<tbody>\n<tr style=\"height: 30px;\">\n<td style=\"width: 123.65px; height: 10px;\"><strong>Beitrittsdatum<\/strong><\/td>\n<td style=\"width: 436.35px; height: 10px;\">01.01.1983<\/td>\n<\/tr>\n<\/tbody>\n<\/table>\n\n\n\n<hr class=\"wp-block-separator has-css-opacity\"\/>\n\n\n\n<div style=\"height:35px\" aria-hidden=\"true\" class=\"wp-block-spacer\"><\/div>\n\n\n\n<h3 class=\"wp-block-heading\">Leistungsabzeichen<\/h3>\n\n\n\n<table class=\"alignleft\" style=\"height: 60px;\">\n<tbody>\n<tr style=\"height: 30px;\">\n<td style=\"width: 121.717px; height: 30px;\"><strong>1983<br><\/strong><\/td>\n<td style=\"width: 438.283px; height: 30px;\">Feuerwehrjugend Wissenstestabzeichen Bronze<\/td>\n<\/tr>\n<tr style=\"height: 30px;\">\n<td style=\"width: 121.717px; height: 30px;\"><strong>1984<br><\/strong><\/td>\n<td style=\"width: 438.283px; height: 30px;\">Feuerwehrjugend Wissenstestabzeichen Silber<\/td>\n<\/tr>\n<tr>\n<td style=\"width: 121.717px;\"><strong>1985<\/strong><\/td>\n<td style=\"width: 438.283px;\">Feuerwehrjugend Wissenstestabzeichen Gold<\/td>\n<\/tr>\n<tr>\n<td style=\"width: 121.717px;\"><strong>1989<br><\/strong><\/td>\n<td style=\"width: 438.283px;\">Feuerwehrjugend Leistungsabzeichen Silber<\/td>\n<\/tr>\n<tr>\n<td style=\"width: 121.717px;\"><strong>1989<br><\/strong><\/td>\n<td style=\"width: 438.283px;\">Feuerwehrleistungsabzeichen Silber<\/td>\n<\/tr>\n<\/tbody>\n<\/table>\n\n\n\n<hr class=\"wp-block-separator has-css-opacity\"\/>\n\n\n\n<div style=\"height:35px\" aria-hidden=\"true\" class=\"wp-block-spacer\"><\/div>\n\n\n\n<h3 class=\"wp-block-heading\">Besondere Auszeichnungen<\/h3>\n\n\n\n<table class=\"alignleft\" style=\"height: 79px; width: 100%;\">\n<tbody>\n<tr style=\"height: 30px;\">\n<td style=\"width: 121.717px; height: 10px;\"><strong>2000<\/strong><\/td>\n<td style=\"width: 438.283px; height: 10px;\">Verdienstzeichen N\u00d6 LFV 3. Klasse in Bronze<\/td>\n<\/tr>\n<tr style=\"height: 46px;\">\n<td style=\"width: 121.717px; height: 46px;\"><strong>2010<\/strong><\/td>\n<td style=\"width: 438.283px; height: 46px;\">Ehrenzeichen f\u00fcr vielj\u00e4hrige verdienstvolle T\u00e4tigkeit auf dem Gebiet des Feuerwehr- &amp; Rettungswesens 25 Jahre<\/td>\n<\/tr>\n<tr style=\"height: 23px;\">\n<td style=\"width: 121.717px; height: 23px;\"><strong>2023<\/strong><\/td>\n<td style=\"width: 438.283px; height: 23px;\">Ehrenzeichen f\u00fcr vielj\u00e4hrige verdienstvolle T\u00e4tigkeit auf dem Gebiet des Feuerwehr- &amp; Rettungswesens 40 Jahre<\/td>\n<\/tr>\n<\/tbody>\n<\/table>\n","protected":false},"excerpt":{"rendered":"<p>Beitritt Beitrittsdatum 01.01.1983 Leistungsabzeichen 1983 Feuerwehrjugend Wissenstestabzeichen Bronze 1984 Feuerwehrjugend Wissenstestabzeichen Silber 1985 Feuerwehrjugend Wissenstestabzeichen Gold 1989 Feuerwehrjugend Leistungsabzeichen Silber 1989 Feuerwehrleistungsabzeichen Silber Besondere Auszeichnungen 2000 Verdienstzeichen N\u00d6 LFV 3. Klasse in Bronze 2010 Ehrenzeichen f\u00fcr vielj\u00e4hrige verdienstvolle T\u00e4tigkeit auf dem Gebiet des Feuerwehr- &amp; Rettungswesens 25 Jahre 2023 Ehrenzeichen f\u00fcr vielj\u00e4hrige verdienstvolle T\u00e4tigkeit auf [&hellip;]<\/p>\n","protected":false},"author":1,"featured_media":0,"parent":1027,"menu_order":0,"comment_status":"closed","ping_status":"closed","template":"","meta":{"footnotes":""},"class_list":["post-1260","page","type-page","status-publish","hentry"],"_links":{"self":[{"href":"https:\/\/ff.winzendorf.at\/index.php?rest_route=\/wp\/v2\/pages\/1260","targetHints":{"allow":["GET"]}}],"collection":[{"href":"https:\/\/ff.winzendorf.at\/index.php?rest_route=\/wp\/v2\/pages"}],"about":[{"href":"https:\/\/ff.winzendorf.at\/index.php?rest_route=\/wp\/v2\/types\/page"}],"author":[{"embeddable":true,"href":"https:\/\/ff.winzendorf.at\/index.php?rest_route=\/wp\/v2\/users\/1"}],"replies":[{"embeddable":true,"href":"https:\/\/ff.winzendorf.at\/index.php?rest_route=%2Fwp%2Fv2%2Fcomments&post=1260"}],"version-history":[{"count":2,"href":"https:\/\/ff.winzendorf.at\/index.php?rest_route=\/wp\/v2\/pages\/1260\/revisions"}],"predecessor-version":[{"id":3677,"href":"https:\/\/ff.winzendorf.at\/index.php?rest_route=\/wp\/v2\/pages\/1260\/revisions\/3677"}],"up":[{"embeddable":true,"href":"https:\/\/ff.winzendorf.at\/index.php?rest_route=\/wp\/v2\/pages\/1027"}],"wp:attachment":[{"href":"https:\/\/ff.winzendorf.at\/index.php?rest_route=%2Fwp%2Fv2%2Fmedia&parent=1260"}],"curies":[{"name":"wp","href":"https:\/\/api.w.org\/{rel}","templated":true}]}}