{"id":1248,"date":"2019-02-21T13:59:35","date_gmt":"2019-02-21T13:59:35","guid":{"rendered":"http:\/\/ffwi.myprohost.com\/?page_id=1248"},"modified":"2026-01-08T00:26:25","modified_gmt":"2026-01-08T00:26:25","slug":"hfm-rodler-mario","status":"publish","type":"page","link":"https:\/\/ff.winzendorf.at\/?page_id=1248","title":{"rendered":"HFM RODLER Mario"},"content":{"rendered":"\n<hr class=\"wp-block-separator has-css-opacity\"\/>\n\n\n\n<h3 class=\"wp-block-heading\">Beitritt<\/h3>\n\n\n\n<table class=\"alignleft\" style=\"height: 10px;\">\n<tbody>\n<tr style=\"height: 30px;\">\n<td style=\"width: 123.65px; height: 10px;\"><strong>Beitrittsdatum<\/strong><\/td>\n<td style=\"width: 436.35px; height: 10px;\">06.01.1995<\/td>\n<\/tr>\n<\/tbody>\n<\/table>\n\n\n\n<hr class=\"wp-block-separator has-css-opacity\"\/>\n\n\n\n<div style=\"height:35px\" aria-hidden=\"true\" class=\"wp-block-spacer\"><\/div>\n\n\n\n<h3 class=\"wp-block-heading\">Leistungsabzeichen<\/h3>\n\n\n\n<table class=\"alignleft\" style=\"height: 40px;\">\n<tbody>\n<tr style=\"height: 30px;\">\n<td style=\"width: 121.717px; height: 30px;\"><strong>1996<\/strong><\/td>\n<td style=\"width: 438.283px; height: 30px;\">Feuerwehrleistungsabzeichen Silber<\/td>\n<\/tr>\n<tr style=\"height: 32px;\">\n<td style=\"width: 121.717px; height: 10px;\"><strong>2000<\/strong><\/td>\n<td style=\"width: 438.283px; height: 10px;\">Feuerwehrleistungsabzeichen Bronze<\/td>\n<\/tr>\n<\/tbody>\n<\/table>\n\n\n\n<hr class=\"wp-block-separator has-css-opacity\"\/>\n\n\n\n<div style=\"height:35px\" aria-hidden=\"true\" class=\"wp-block-spacer\"><\/div>\n\n\n\n<h3 class=\"wp-block-heading\">Besondere Auszeichnungen<\/h3>\n\n\n\n<table class=\"alignleft\" style=\"height: 40px;\">\n<tbody>\n<tr style=\"height: 30px;\">\n<td style=\"width: 121.717px; height: 30px;\"><strong>2020<\/strong><\/td>\n<td style=\"width: 438.283px; height: 30px;\">Ehrenabzeichen f\u00fcr vielj\u00e4hrige verdienstvolle T\u00e4tigkeit auf dem Gebiet des Feuerwehr- &amp; Rettungswesens 25 Jahre<\/td>\n<\/tr>\n<tr>\n<td style=\"width: 121.717px;\"><strong>2025<\/strong><\/td>\n<td style=\"width: 438.283px;\">Katastropheneinsatzmedaille Hochwasser 2024<\/td>\n<\/tr>\n<\/tbody>\n<\/table>\n","protected":false},"excerpt":{"rendered":"<p>Beitritt Beitrittsdatum 06.01.1995 Leistungsabzeichen 1996 Feuerwehrleistungsabzeichen Silber 2000 Feuerwehrleistungsabzeichen Bronze Besondere Auszeichnungen 2020 Ehrenabzeichen f\u00fcr vielj\u00e4hrige verdienstvolle T\u00e4tigkeit auf dem Gebiet des Feuerwehr- &amp; Rettungswesens 25 Jahre 2025 Katastropheneinsatzmedaille Hochwasser 2024<\/p>\n","protected":false},"author":1,"featured_media":0,"parent":1027,"menu_order":0,"comment_status":"closed","ping_status":"closed","template":"","meta":{"footnotes":""},"class_list":["post-1248","page","type-page","status-publish","hentry"],"_links":{"self":[{"href":"https:\/\/ff.winzendorf.at\/index.php?rest_route=\/wp\/v2\/pages\/1248","targetHints":{"allow":["GET"]}}],"collection":[{"href":"https:\/\/ff.winzendorf.at\/index.php?rest_route=\/wp\/v2\/pages"}],"about":[{"href":"https:\/\/ff.winzendorf.at\/index.php?rest_route=\/wp\/v2\/types\/page"}],"author":[{"embeddable":true,"href":"https:\/\/ff.winzendorf.at\/index.php?rest_route=\/wp\/v2\/users\/1"}],"replies":[{"embeddable":true,"href":"https:\/\/ff.winzendorf.at\/index.php?rest_route=%2Fwp%2Fv2%2Fcomments&post=1248"}],"version-history":[{"count":3,"href":"https:\/\/ff.winzendorf.at\/index.php?rest_route=\/wp\/v2\/pages\/1248\/revisions"}],"predecessor-version":[{"id":3864,"href":"https:\/\/ff.winzendorf.at\/index.php?rest_route=\/wp\/v2\/pages\/1248\/revisions\/3864"}],"up":[{"embeddable":true,"href":"https:\/\/ff.winzendorf.at\/index.php?rest_route=\/wp\/v2\/pages\/1027"}],"wp:attachment":[{"href":"https:\/\/ff.winzendorf.at\/index.php?rest_route=%2Fwp%2Fv2%2Fmedia&parent=1248"}],"curies":[{"name":"wp","href":"https:\/\/api.w.org\/{rel}","templated":true}]}}