{"id":1226,"date":"2019-02-21T13:39:46","date_gmt":"2019-02-21T13:39:46","guid":{"rendered":"http:\/\/ffwi.myprohost.com\/?page_id=1226"},"modified":"2019-02-21T13:39:46","modified_gmt":"2019-02-21T13:39:46","slug":"hfm-maier-thomas","status":"publish","type":"page","link":"https:\/\/ff.winzendorf.at\/?page_id=1226","title":{"rendered":"HFM MAIER Thomas"},"content":{"rendered":"\n<hr class=\"wp-block-separator\"\/>\n\n\n\n<h3 class=\"wp-block-heading\">Beitritt<\/h3>\n\n\n\n<table class=\"alignleft\" style=\"height: 10px;\">\n<tbody>\n<tr style=\"height: 30px;\">\n<td style=\"width: 123.65px; height: 10px;\"><strong>Beitrittsdatum<\/strong><\/td>\n<td style=\"width: 436.35px; height: 10px;\">06.01.1993<\/td>\n<\/tr>\n<\/tbody>\n<\/table>\n\n\n\n<hr class=\"wp-block-separator\"\/>\n\n\n\n<div style=\"height:35px\" aria-hidden=\"true\" class=\"wp-block-spacer\"><\/div>\n\n\n\n<h3 class=\"wp-block-heading\">Leistungsabzeichen<\/h3>\n\n\n\n<table class=\"alignleft\" style=\"height: 60px;\">\n<tbody>\n<tr style=\"height: 30px;\">\n<td style=\"width: 121.717px; height: 30px;\"><strong>2000<br \/><\/strong><\/td>\n<td style=\"width: 438.283px; height: 30px;\">Feuerwehrfunkleistungsabzeichen Bronze<\/td>\n<\/tr>\n<tr style=\"height: 30px;\">\n<td style=\"width: 121.717px; height: 30px;\"><strong>2000<br \/><\/strong><\/td>\n<td style=\"width: 438.283px; height: 30px;\">Feuerwehrfunkleistungsabzeichen Silber<\/td>\n<\/tr>\n<tr>\n<td style=\"width: 121.717px;\"><strong>2003<br \/><\/strong><\/td>\n<td style=\"width: 438.283px;\">Ausbildungspr\u00fcfung \u201eTechnischer Einsatz\u201c Silber<\/td>\n<\/tr>\n<\/tbody>\n<\/table>\n\n\n\n<hr class=\"wp-block-separator\"\/>\n\n\n\n<div style=\"height:35px\" aria-hidden=\"true\" class=\"wp-block-spacer\"><\/div>\n\n\n\n<h3 class=\"wp-block-heading\">Besondere Auszeichnungen<\/h3>\n\n\n\n<table class=\"alignleft\" style=\"height: 10px;\">\n<tbody>\n<tr>\n<td style=\"width: 121.717px;\"><strong>2018<br \/><\/strong><\/td>\n<td style=\"width: 438.283px;\">Ehrenzeichen f\u00fcr vielj\u00e4hrige verdienstvolle T\u00e4tigkeit auf dem Gebiet des Feuerwehr- &amp; Rettungswesens 25 Jahre<\/td>\n<\/tr>\n<\/tbody>\n<\/table>\n","protected":false},"excerpt":{"rendered":"<p>Beitritt Beitrittsdatum 06.01.1993 Leistungsabzeichen 2000 Feuerwehrfunkleistungsabzeichen Bronze 2000 Feuerwehrfunkleistungsabzeichen Silber 2003 Ausbildungspr\u00fcfung \u201eTechnischer Einsatz\u201c Silber Besondere Auszeichnungen 2018 Ehrenzeichen f\u00fcr vielj\u00e4hrige verdienstvolle T\u00e4tigkeit auf dem Gebiet des Feuerwehr- &amp; Rettungswesens 25 Jahre<\/p>\n","protected":false},"author":1,"featured_media":0,"parent":1027,"menu_order":0,"comment_status":"closed","ping_status":"closed","template":"","meta":{"footnotes":""},"class_list":["post-1226","page","type-page","status-publish","hentry"],"_links":{"self":[{"href":"https:\/\/ff.winzendorf.at\/index.php?rest_route=\/wp\/v2\/pages\/1226","targetHints":{"allow":["GET"]}}],"collection":[{"href":"https:\/\/ff.winzendorf.at\/index.php?rest_route=\/wp\/v2\/pages"}],"about":[{"href":"https:\/\/ff.winzendorf.at\/index.php?rest_route=\/wp\/v2\/types\/page"}],"author":[{"embeddable":true,"href":"https:\/\/ff.winzendorf.at\/index.php?rest_route=\/wp\/v2\/users\/1"}],"replies":[{"embeddable":true,"href":"https:\/\/ff.winzendorf.at\/index.php?rest_route=%2Fwp%2Fv2%2Fcomments&post=1226"}],"version-history":[{"count":1,"href":"https:\/\/ff.winzendorf.at\/index.php?rest_route=\/wp\/v2\/pages\/1226\/revisions"}],"predecessor-version":[{"id":1227,"href":"https:\/\/ff.winzendorf.at\/index.php?rest_route=\/wp\/v2\/pages\/1226\/revisions\/1227"}],"up":[{"embeddable":true,"href":"https:\/\/ff.winzendorf.at\/index.php?rest_route=\/wp\/v2\/pages\/1027"}],"wp:attachment":[{"href":"https:\/\/ff.winzendorf.at\/index.php?rest_route=%2Fwp%2Fv2%2Fmedia&parent=1226"}],"curies":[{"name":"wp","href":"https:\/\/api.w.org\/{rel}","templated":true}]}}