{"id":1216,"date":"2019-02-21T13:24:07","date_gmt":"2019-02-21T13:24:07","guid":{"rendered":"http:\/\/ffwi.myprohost.com\/?page_id=1216"},"modified":"2026-01-08T00:19:45","modified_gmt":"2026-01-08T00:19:45","slug":"ehlm-kaltenecker-wolfgang","status":"publish","type":"page","link":"https:\/\/ff.winzendorf.at\/?page_id=1216","title":{"rendered":"EHLM KALTENECKER Wolfgang"},"content":{"rendered":"\n<hr class=\"wp-block-separator has-alpha-channel-opacity\"\/>\n\n\n\n<figure class=\"wp-block-image size-large is-resized\"><img fetchpriority=\"high\" decoding=\"async\" width=\"682\" height=\"1024\" src=\"https:\/\/ff.winzendorf.at\/wp-content\/uploads\/2021\/12\/Kaltenecker-Wolfgang-682x1024.jpg\" alt=\"\" class=\"wp-image-2317\" style=\"width:341px;height:512px\" srcset=\"https:\/\/ff.winzendorf.at\/wp-content\/uploads\/2021\/12\/Kaltenecker-Wolfgang-682x1024.jpg 682w, https:\/\/ff.winzendorf.at\/wp-content\/uploads\/2021\/12\/Kaltenecker-Wolfgang-200x300.jpg 200w, https:\/\/ff.winzendorf.at\/wp-content\/uploads\/2021\/12\/Kaltenecker-Wolfgang-768x1152.jpg 768w, https:\/\/ff.winzendorf.at\/wp-content\/uploads\/2021\/12\/Kaltenecker-Wolfgang-1024x1536.jpg 1024w, https:\/\/ff.winzendorf.at\/wp-content\/uploads\/2021\/12\/Kaltenecker-Wolfgang-1365x2048.jpg 1365w, https:\/\/ff.winzendorf.at\/wp-content\/uploads\/2021\/12\/Kaltenecker-Wolfgang-scaled.jpg 1706w\" sizes=\"(max-width: 682px) 100vw, 682px\" \/><\/figure>\n\n\n\n<h3 class=\"wp-block-heading\">Beitritt<\/h3>\n\n\n\n<table style=\"border-collapse: collapse; width: 100%;\">\n<tbody>\n<tr>\n<td style=\"width: 23.4524%;\"><strong>Beitrittsdatum<\/strong><\/td>\n<td style=\"width: 76.5476%;\">06.01.1977<\/td>\n<\/tr>\n<\/tbody>\n<\/table>\n\n\n\n<hr class=\"wp-block-separator has-alpha-channel-opacity\"\/>\n\n\n\n<div style=\"height:36px\" aria-hidden=\"true\" class=\"wp-block-spacer\"><\/div>\n\n\n\n<h3 class=\"wp-block-heading\">Leistungsabzeichen<\/h3>\n\n\n\n<table style=\"border-collapse: collapse; width: 100%;\">\n<tbody>\n<tr>\n<td style=\"width: 19.0476%;\"><strong>1984<\/strong><\/td>\n<td style=\"width: 80.9524%;\">Feuerwehrleistungsabzeichen Silber<\/td>\n<\/tr>\n<\/tbody>\n<\/table>\n\n\n\n<hr class=\"wp-block-separator has-alpha-channel-opacity\"\/>\n\n\n\n<div style=\"height:36px\" aria-hidden=\"true\" class=\"wp-block-spacer\"><\/div>\n\n\n\n<h3 class=\"wp-block-heading\">Besondere Auszeichnungen<\/h3>\n\n\n\n<table style=\"border-collapse: collapse; width: 100%;\">\n<tbody>\n<tr>\n<td style=\"width: 19.0476%;\"><strong>1999<\/strong><\/td>\n<td style=\"width: 80.9524%;\">Feuerwehrleistungsabzeichen Silber<\/td>\n<\/tr>\n<tr>\n<td style=\"width: 19.0476%;\"><strong>2002<br \/><\/strong><\/td>\n<td style=\"width: 80.9524%;\">Ehrenzeichen f\u00fcr vielj\u00e4hrige verdienstvolle T\u00e4tigkeit auf dem Gebiete des Feuerwehr- und Rettungswesens 25 Jahre<\/td>\n<\/tr>\n<tr>\n<td style=\"width: 19.0476%;\"><strong>2017<br \/><\/strong><\/td>\n<td style=\"width: 80.9524%;\">Ehrenzeichen f\u00fcr vielj\u00e4hrige verdienstvolle T\u00e4tigkeit auf dem Gebiete des Feuerwehr- und Rettungswesens 40 Jahre<\/td>\n<\/tr>\n<tr>\n<td style=\"width: 19.0476%;\"><strong>2025<\/strong><\/td>\n<td style=\"width: 80.9524%;\">Katastropheneinsatzmedaille Hochwasser 2024<\/td>\n<\/tr>\n<\/tbody>\n<\/table>\n","protected":false},"excerpt":{"rendered":"<p>Beitritt Beitrittsdatum 06.01.1977 Leistungsabzeichen 1984 Feuerwehrleistungsabzeichen Silber Besondere Auszeichnungen 1999 Feuerwehrleistungsabzeichen Silber 2002 Ehrenzeichen f\u00fcr vielj\u00e4hrige verdienstvolle T\u00e4tigkeit auf dem Gebiete des Feuerwehr- und Rettungswesens 25 Jahre 2017 Ehrenzeichen f\u00fcr vielj\u00e4hrige verdienstvolle T\u00e4tigkeit auf dem Gebiete des Feuerwehr- und Rettungswesens 40 Jahre 2025 Katastropheneinsatzmedaille Hochwasser 2024<\/p>\n","protected":false},"author":1,"featured_media":0,"parent":1027,"menu_order":0,"comment_status":"closed","ping_status":"closed","template":"","meta":{"footnotes":""},"class_list":["post-1216","page","type-page","status-publish","hentry"],"_links":{"self":[{"href":"https:\/\/ff.winzendorf.at\/index.php?rest_route=\/wp\/v2\/pages\/1216","targetHints":{"allow":["GET"]}}],"collection":[{"href":"https:\/\/ff.winzendorf.at\/index.php?rest_route=\/wp\/v2\/pages"}],"about":[{"href":"https:\/\/ff.winzendorf.at\/index.php?rest_route=\/wp\/v2\/types\/page"}],"author":[{"embeddable":true,"href":"https:\/\/ff.winzendorf.at\/index.php?rest_route=\/wp\/v2\/users\/1"}],"replies":[{"embeddable":true,"href":"https:\/\/ff.winzendorf.at\/index.php?rest_route=%2Fwp%2Fv2%2Fcomments&post=1216"}],"version-history":[{"count":9,"href":"https:\/\/ff.winzendorf.at\/index.php?rest_route=\/wp\/v2\/pages\/1216\/revisions"}],"predecessor-version":[{"id":3855,"href":"https:\/\/ff.winzendorf.at\/index.php?rest_route=\/wp\/v2\/pages\/1216\/revisions\/3855"}],"up":[{"embeddable":true,"href":"https:\/\/ff.winzendorf.at\/index.php?rest_route=\/wp\/v2\/pages\/1027"}],"wp:attachment":[{"href":"https:\/\/ff.winzendorf.at\/index.php?rest_route=%2Fwp%2Fv2%2Fmedia&parent=1216"}],"curies":[{"name":"wp","href":"https:\/\/api.w.org\/{rel}","templated":true}]}}