{"id":1187,"date":"2019-02-21T12:51:15","date_gmt":"2019-02-21T12:51:15","guid":{"rendered":"http:\/\/ffwi.myprohost.com\/?page_id=1187"},"modified":"2025-07-24T19:43:28","modified_gmt":"2025-07-24T19:43:28","slug":"hbm-huber-josef","status":"publish","type":"page","link":"https:\/\/ff.winzendorf.at\/?page_id=1187","title":{"rendered":"EHBM HUBER Josef"},"content":{"rendered":"\n<hr class=\"wp-block-separator has-css-opacity\"\/>\n\n\n\n<figure class=\"wp-block-image size-large is-resized\"><a href=\"https:\/\/ff.winzendorf.at\/wp-content\/uploads\/2021\/12\/Huber-Josef-scaled.jpg\"><img fetchpriority=\"high\" decoding=\"async\" width=\"683\" height=\"1024\" src=\"https:\/\/ff.winzendorf.at\/wp-content\/uploads\/2021\/12\/Huber-Josef-683x1024.jpg\" alt=\"\" class=\"wp-image-2253\" style=\"width:342px;height:512px\" srcset=\"https:\/\/ff.winzendorf.at\/wp-content\/uploads\/2021\/12\/Huber-Josef-683x1024.jpg 683w, https:\/\/ff.winzendorf.at\/wp-content\/uploads\/2021\/12\/Huber-Josef-200x300.jpg 200w, https:\/\/ff.winzendorf.at\/wp-content\/uploads\/2021\/12\/Huber-Josef-768x1152.jpg 768w, https:\/\/ff.winzendorf.at\/wp-content\/uploads\/2021\/12\/Huber-Josef-1024x1536.jpg 1024w, https:\/\/ff.winzendorf.at\/wp-content\/uploads\/2021\/12\/Huber-Josef-1365x2048.jpg 1365w, https:\/\/ff.winzendorf.at\/wp-content\/uploads\/2021\/12\/Huber-Josef-scaled.jpg 1707w\" sizes=\"(max-width: 683px) 100vw, 683px\" \/><\/a><\/figure>\n\n\n\n<hr class=\"wp-block-separator has-css-opacity\"\/>\n\n\n\n<h3 class=\"wp-block-heading\">Beitritt<\/h3>\n\n\n\n<table class=\"alignleft\" style=\"height: 10px;\">\n<tbody>\n<tr style=\"height: 30px;\">\n<td style=\"width: 123.65px; height: 10px;\"><strong>Beitrittsdatum<\/strong><\/td>\n<td style=\"width: 436.35px; height: 10px;\">01.04.1979<\/td>\n<\/tr>\n<\/tbody>\n<\/table>\n\n\n\n<hr class=\"wp-block-separator has-css-opacity\"\/>\n\n\n\n<div style=\"height:35px\" aria-hidden=\"true\" class=\"wp-block-spacer\"><\/div>\n\n\n\n<h3 class=\"wp-block-heading\">Leistungsabzeichen<\/h3>\n\n\n\n<table class=\"alignleft\" style=\"height: 60px;\">\n<tbody>\n<tr style=\"height: 30px;\">\n<td style=\"width: 121.717px; height: 30px;\"><strong>1995<br><\/strong><\/td>\n<td style=\"width: 438.283px; height: 30px;\">Feuerwehrfunkleistungsabzeichen Gold<\/td>\n<\/tr>\n<tr>\n<td style=\"width: 121.717px;\"><strong>2000<br><\/strong><\/td>\n<td style=\"width: 438.283px;\">Feuerwehrfunkleistungsabzeichen Silber<\/td>\n<\/tr>\n<tr style=\"height: 30px;\">\n<td style=\"width: 121.717px; height: 30px;\"><strong>2003<br><\/strong><\/td>\n<td style=\"width: 438.283px; height: 30px;\">Ausbildungspr\u00fcfung \u201eTechnischer Einsatz\u201c Silber<\/td>\n<\/tr>\n<tr>\n<td style=\"width: 121.717px;\"><strong>2017<\/strong><\/td>\n<td style=\"width: 438.283px;\">Ausbildungspr\u00fcfung \u201eAtemschutz\u201c Bronze<\/td>\n<\/tr>\n<tr>\n<td style=\"width: 121.717px;\"><strong>2019<br><\/strong><\/td>\n<td style=\"width: 438.283px;\">Feuerwehrleistungsabzeichen Bronze<\/td>\n<\/tr>\n<\/tbody>\n<\/table>\n\n\n\n<hr class=\"wp-block-separator has-css-opacity\"\/>\n\n\n\n<div style=\"height:35px\" aria-hidden=\"true\" class=\"wp-block-spacer\"><\/div>\n\n\n\n<h3 class=\"wp-block-heading\">Besondere Auszeichnungen<\/h3>\n\n\n\n<table class=\"alignleft\" style=\"height: 10px;\">\n<tbody>\n<tr style=\"height: 30px;\">\n<td style=\"width: 121.717px; height: 10px;\"><strong>1997<\/strong><\/td>\n<td style=\"width: 438.283px; height: 10px;\">Verdienstzeichen N\u00d6 LFV<\/td>\n<\/tr>\n<tr>\n<td style=\"width: 121.717px;\"><strong>2004<br \/><\/strong><\/td>\n<td style=\"width: 438.283px;\">Ehrenzeichen f\u00fcr vielj\u00e4hrige verdienstvolle T\u00e4tigkeit auf dem Gebiet des Feuerwehr- &amp; Rettungswesens 25 Jahre<\/td>\n<\/tr>\n<tr>\n<td style=\"width: 121.717px;\"><strong>2016<br \/><\/strong><\/td>\n<td style=\"width: 438.283px;\">Verdienstzeichen N\u00d6 LFV 2. Klasse in Silber<\/td>\n<\/tr>\n<tr>\n<td style=\"width: 121.717px;\"><strong>2019<\/strong><\/td>\n<td style=\"width: 438.283px;\">Ehrenzeichen f\u00fcr vielj\u00e4hrige verdienstvolle T\u00e4tigkeit auf dem Gebiete des Feuerwehr- und Rettungswesens 40 Jahre<\/td>\n<\/tr>\n<\/tbody>\n<\/table>\n","protected":false},"excerpt":{"rendered":"<p>Beitritt Beitrittsdatum 01.04.1979 Leistungsabzeichen 1995 Feuerwehrfunkleistungsabzeichen Gold 2000 Feuerwehrfunkleistungsabzeichen Silber 2003 Ausbildungspr\u00fcfung \u201eTechnischer Einsatz\u201c Silber 2017 Ausbildungspr\u00fcfung \u201eAtemschutz\u201c Bronze 2019 Feuerwehrleistungsabzeichen Bronze Besondere Auszeichnungen 1997 Verdienstzeichen N\u00d6 LFV 2004 Ehrenzeichen f\u00fcr vielj\u00e4hrige verdienstvolle T\u00e4tigkeit auf dem Gebiet des Feuerwehr- &amp; Rettungswesens 25 Jahre 2016 Verdienstzeichen N\u00d6 LFV 2. Klasse in Silber 2019 Ehrenzeichen f\u00fcr vielj\u00e4hrige [&hellip;]<\/p>\n","protected":false},"author":1,"featured_media":0,"parent":1027,"menu_order":0,"comment_status":"closed","ping_status":"closed","template":"","meta":{"footnotes":""},"class_list":["post-1187","page","type-page","status-publish","hentry"],"_links":{"self":[{"href":"https:\/\/ff.winzendorf.at\/index.php?rest_route=\/wp\/v2\/pages\/1187","targetHints":{"allow":["GET"]}}],"collection":[{"href":"https:\/\/ff.winzendorf.at\/index.php?rest_route=\/wp\/v2\/pages"}],"about":[{"href":"https:\/\/ff.winzendorf.at\/index.php?rest_route=\/wp\/v2\/types\/page"}],"author":[{"embeddable":true,"href":"https:\/\/ff.winzendorf.at\/index.php?rest_route=\/wp\/v2\/users\/1"}],"replies":[{"embeddable":true,"href":"https:\/\/ff.winzendorf.at\/index.php?rest_route=%2Fwp%2Fv2%2Fcomments&post=1187"}],"version-history":[{"count":9,"href":"https:\/\/ff.winzendorf.at\/index.php?rest_route=\/wp\/v2\/pages\/1187\/revisions"}],"predecessor-version":[{"id":3682,"href":"https:\/\/ff.winzendorf.at\/index.php?rest_route=\/wp\/v2\/pages\/1187\/revisions\/3682"}],"up":[{"embeddable":true,"href":"https:\/\/ff.winzendorf.at\/index.php?rest_route=\/wp\/v2\/pages\/1027"}],"wp:attachment":[{"href":"https:\/\/ff.winzendorf.at\/index.php?rest_route=%2Fwp%2Fv2%2Fmedia&parent=1187"}],"curies":[{"name":"wp","href":"https:\/\/api.w.org\/{rel}","templated":true}]}}