{"id":1151,"date":"2019-02-21T12:08:10","date_gmt":"2019-02-21T12:08:10","guid":{"rendered":"http:\/\/ffwi.myprohost.com\/?page_id=1151"},"modified":"2026-01-08T00:02:04","modified_gmt":"2026-01-08T00:02:04","slug":"eobi-fichtl-martin","status":"publish","type":"page","link":"https:\/\/ff.winzendorf.at\/?page_id=1151","title":{"rendered":"EOBI FICHTL Martin"},"content":{"rendered":"\n<hr class=\"wp-block-separator has-css-opacity\"\/>\n\n\n\n<figure class=\"wp-block-image size-large is-resized\"><a href=\"https:\/\/ff.winzendorf.at\/wp-content\/uploads\/2021\/12\/Fichtl-Martin-scaled.jpg\"><img fetchpriority=\"high\" decoding=\"async\" width=\"683\" height=\"1024\" src=\"https:\/\/ff.winzendorf.at\/wp-content\/uploads\/2021\/12\/Fichtl-Martin-683x1024.jpg\" alt=\"\" class=\"wp-image-2255\" style=\"width:342px;height:512px\" srcset=\"https:\/\/ff.winzendorf.at\/wp-content\/uploads\/2021\/12\/Fichtl-Martin-683x1024.jpg 683w, https:\/\/ff.winzendorf.at\/wp-content\/uploads\/2021\/12\/Fichtl-Martin-200x300.jpg 200w, https:\/\/ff.winzendorf.at\/wp-content\/uploads\/2021\/12\/Fichtl-Martin-768x1152.jpg 768w, https:\/\/ff.winzendorf.at\/wp-content\/uploads\/2021\/12\/Fichtl-Martin-1024x1536.jpg 1024w, https:\/\/ff.winzendorf.at\/wp-content\/uploads\/2021\/12\/Fichtl-Martin-1365x2048.jpg 1365w, https:\/\/ff.winzendorf.at\/wp-content\/uploads\/2021\/12\/Fichtl-Martin-scaled.jpg 1706w\" sizes=\"(max-width: 683px) 100vw, 683px\" \/><\/a><\/figure>\n\n\n\n<hr class=\"wp-block-separator has-css-opacity\"\/>\n\n\n\n<h3 class=\"wp-block-heading\">Beitritt &amp; Funktion<\/h3>\n\n\n\n<table class=\"alignleft\" style=\"height: 10px;\">\n<tbody>\n<tr style=\"height: 30px;\">\n<td style=\"width: 123.65px; height: 10px;\"><strong>Beitrittsdatum<\/strong><\/td>\n<td style=\"width: 436.35px; height: 10px;\">07.01.1979<\/td>\n<\/tr>\n<tr>\n<td style=\"width: 123.65px;\"><strong>Funktion<\/strong><\/td>\n<td style=\"width: 436.35px;\">Gruppenkommandant<\/td>\n<\/tr>\n<\/tbody>\n<\/table>\n\n\n\n<hr class=\"wp-block-separator has-css-opacity\"\/>\n\n\n\n<h3 class=\"wp-block-heading\">Funktion<\/h3>\n\n\n\n<table class=\"alignleft\" style=\"height: 10px;\">\n<tbody>\n<tr style=\"height: 30px;\">\n<td style=\"width: 123.65px; height: 10px;\"><strong>seit 2024<\/strong><\/td>\n<td style=\"width: 436.35px; height: 10px;\">Gruppenkommandant<\/td>\n<\/tr>\n<\/tbody>\n<\/table>\n\n\n\n<div style=\"height:35px\" aria-hidden=\"true\" class=\"wp-block-spacer\"><\/div>\n\n\n\n<h3 class=\"wp-block-heading\">Leistungsabzeichen<\/h3>\n\n\n\n<table class=\"alignleft\" style=\"height: 60px;\">\n<tbody>\n<tr style=\"height: 30px;\">\n<td style=\"width: 121.717px; height: 30px;\"><strong>1995<br><\/strong><\/td>\n<td style=\"width: 438.283px; height: 30px;\">Feuerwehrfunkleistungsabzeichen Gold<\/td>\n<\/tr>\n<tr style=\"height: 30px;\">\n<td style=\"width: 121.717px; height: 30px;\"><strong>2003<br><\/strong><\/td>\n<td style=\"width: 438.283px; height: 30px;\">Ausbildungspr\u00fcfung \u201eTechnischer Einsatz\u201c Silber<\/td>\n<\/tr>\n<tr>\n<td style=\"width: 121.717px;\"><strong>2015<br><\/strong><\/td>\n<td style=\"width: 438.283px;\">Ausbildungspr\u00fcfung \u201eTechnischer Einsatz\u201c Gold<\/td>\n<\/tr>\n<tr>\n<td style=\"width: 121.717px;\"><strong>2019<br><\/strong><\/td>\n<td style=\"width: 438.283px;\">Feuerwehrleistungsabzeichen Bronze<\/td>\n<\/tr>\n<\/tbody>\n<\/table>\n\n\n\n<hr class=\"wp-block-separator has-css-opacity\"\/>\n\n\n\n<div style=\"height:35px\" aria-hidden=\"true\" class=\"wp-block-spacer\"><\/div>\n\n\n\n<h3 class=\"wp-block-heading\">Besondere Auszeichnungen<\/h3>\n\n\n\n<table class=\"alignleft\" style=\"height: 102px; width: 100%;\">\n<tbody>\n<tr style=\"height: 30px;\">\n<td style=\"width: 121.717px; height: 10px;\"><strong>1993<\/strong><\/td>\n<td style=\"width: 438.283px; height: 10px;\">Verdienstzeichen N\u00d6 LFV<\/td>\n<\/tr>\n<tr style=\"height: 46px;\">\n<td style=\"width: 121.717px; height: 46px;\"><strong>2004<br \/><\/strong><\/td>\n<td style=\"width: 438.283px; height: 46px;\">Ehrenzeichen f\u00fcr vielj\u00e4hrige verdienstvolle T\u00e4tigkeit auf dem Gebiet des Feuerwehr- &amp; Rettungswesens 25 Jahre<\/td>\n<\/tr>\n<tr style=\"height: 46px;\">\n<td style=\"width: 121.717px; height: 46px;\"><strong>2019<\/strong><\/td>\n<td style=\"width: 438.283px; height: 46px;\">Ehrenzeichen f\u00fcr vielj\u00e4hrige verdienstvolle T\u00e4tigkeit auf dem Gebiete des Feuerwehr- und Rettungswesens 40 Jahre<\/td>\n<\/tr>\n<tr>\n<td style=\"width: 121.717px;\"><strong>2025<\/strong><\/td>\n<td style=\"width: 438.283px;\">Katastropheneinsatzmedaille Hochwasser 2024<\/td>\n<\/tr>\n<\/tbody>\n<\/table>\n","protected":false},"excerpt":{"rendered":"<p>Beitritt &amp; Funktion Beitrittsdatum 07.01.1979 Funktion Gruppenkommandant Funktion seit 2024 Gruppenkommandant Leistungsabzeichen 1995 Feuerwehrfunkleistungsabzeichen Gold 2003 Ausbildungspr\u00fcfung \u201eTechnischer Einsatz\u201c Silber 2015 Ausbildungspr\u00fcfung \u201eTechnischer Einsatz\u201c Gold 2019 Feuerwehrleistungsabzeichen Bronze Besondere Auszeichnungen 1993 Verdienstzeichen N\u00d6 LFV 2004 Ehrenzeichen f\u00fcr vielj\u00e4hrige verdienstvolle T\u00e4tigkeit auf dem Gebiet des Feuerwehr- &amp; Rettungswesens 25 Jahre 2019 Ehrenzeichen f\u00fcr vielj\u00e4hrige verdienstvolle T\u00e4tigkeit [&hellip;]<\/p>\n","protected":false},"author":1,"featured_media":0,"parent":1027,"menu_order":0,"comment_status":"closed","ping_status":"closed","template":"","meta":{"footnotes":""},"class_list":["post-1151","page","type-page","status-publish","hentry"],"_links":{"self":[{"href":"https:\/\/ff.winzendorf.at\/index.php?rest_route=\/wp\/v2\/pages\/1151","targetHints":{"allow":["GET"]}}],"collection":[{"href":"https:\/\/ff.winzendorf.at\/index.php?rest_route=\/wp\/v2\/pages"}],"about":[{"href":"https:\/\/ff.winzendorf.at\/index.php?rest_route=\/wp\/v2\/types\/page"}],"author":[{"embeddable":true,"href":"https:\/\/ff.winzendorf.at\/index.php?rest_route=\/wp\/v2\/users\/1"}],"replies":[{"embeddable":true,"href":"https:\/\/ff.winzendorf.at\/index.php?rest_route=%2Fwp%2Fv2%2Fcomments&post=1151"}],"version-history":[{"count":13,"href":"https:\/\/ff.winzendorf.at\/index.php?rest_route=\/wp\/v2\/pages\/1151\/revisions"}],"predecessor-version":[{"id":3835,"href":"https:\/\/ff.winzendorf.at\/index.php?rest_route=\/wp\/v2\/pages\/1151\/revisions\/3835"}],"up":[{"embeddable":true,"href":"https:\/\/ff.winzendorf.at\/index.php?rest_route=\/wp\/v2\/pages\/1027"}],"wp:attachment":[{"href":"https:\/\/ff.winzendorf.at\/index.php?rest_route=%2Fwp%2Fv2%2Fmedia&parent=1151"}],"curies":[{"name":"wp","href":"https:\/\/api.w.org\/{rel}","templated":true}]}}