{"id":1135,"date":"2019-02-21T11:43:23","date_gmt":"2019-02-21T11:43:23","guid":{"rendered":"http:\/\/ffwi.myprohost.com\/?page_id=1135"},"modified":"2026-01-08T00:31:50","modified_gmt":"2026-01-08T00:31:50","slug":"olm-zierhofer-patrick","status":"publish","type":"page","link":"https:\/\/ff.winzendorf.at\/?page_id=1135","title":{"rendered":"HFM ZIERHOFER Patrick"},"content":{"rendered":"\n<hr class=\"wp-block-separator has-css-opacity\"\/>\n\n\n\n<h3 class=\"wp-block-heading\">Beitritt<\/h3>\n\n\n\n<table class=\"alignleft\" style=\"height: 60px;\">\n<tbody>\n<tr style=\"height: 30px;\">\n<td style=\"width: 122.217px; height: 30px;\"><strong>Beitrittsdatum<\/strong><\/td>\n<td style=\"width: 439.783px; height: 30px;\">26.04.2006<\/td>\n<\/tr>\n<\/tbody>\n<\/table>\n\n\n\n<hr class=\"wp-block-separator has-css-opacity\"\/>\n\n\n\n<div style=\"height:35px\" aria-hidden=\"true\" class=\"wp-block-spacer\"><\/div>\n\n\n\n<hr class=\"wp-block-separator has-css-opacity\"\/>\n\n\n\n<div style=\"height:35px\" aria-hidden=\"true\" class=\"wp-block-spacer\"><\/div>\n\n\n\n<h3 class=\"wp-block-heading\">Leistungsabzeichen<\/h3>\n\n\n\n<table class=\"alignleft\" style=\"height: 158px; width: 100%;\">\n<tbody>\n<tr style=\"height: 30px;\">\n<td style=\"width: 121.717px; height: 30px;\"><strong>2008<br \/><\/strong><\/td>\n<td style=\"width: 438.283px; height: 30px;\">Feuerwehrleistungsabzeichen Bronze<\/td>\n<\/tr>\n<tr style=\"height: 32px;\">\n<td style=\"width: 121.717px; height: 32px;\"><strong>2008<\/strong><\/td>\n<td style=\"width: 438.283px; height: 32px;\">Ausbildungspr\u00fcfung &#8222;Technischer Einsatz&#8220; Bronze<\/td>\n<\/tr>\n<tr style=\"height: 32px;\">\n<td style=\"width: 121.717px; height: 32px;\"><strong>2009<\/strong><\/td>\n<td style=\"width: 438.283px; height: 32px;\">Feuerwehrleistungsabzeichen Silber<\/td>\n<\/tr>\n<tr style=\"height: 32px;\">\n<td style=\"width: 121.717px; height: 32px;\"><strong>2015<\/strong><\/td>\n<td style=\"width: 438.283px; height: 32px;\">Ausbildungspr\u00fcfung &#8222;Technischer Einsatz&#8220; Silber<\/td>\n<\/tr>\n<tr style=\"height: 32px;\">\n<td style=\"width: 121.717px; height: 32px;\"><strong>2017<\/strong><\/td>\n<td style=\"width: 438.283px; height: 32px;\">Ausbildungspr\u00fcfung &#8222;Atemschutz&#8220; Bronze<\/td>\n<\/tr>\n<\/tbody>\n<\/table>\n\n\n\n<h3 class=\"wp-block-heading\">Besondere Auszeichnungen<\/h3>\n\n\n\n<table class=\"alignleft\" style=\"height: 10px; width: 100%;\">\n<tbody>\n<tr style=\"height: 30px;\">\n<td style=\"width: 121.717px; height: 10px;\"><strong>2025<\/strong><\/td>\n<td style=\"width: 438.283px; height: 10px;\">Katastropheneinsatzmedaille Hochwasser 2024<\/td>\n<\/tr>\n<\/tbody>\n<\/table>\n","protected":false},"excerpt":{"rendered":"<p>Beitritt Beitrittsdatum 26.04.2006 Leistungsabzeichen 2008 Feuerwehrleistungsabzeichen Bronze 2008 Ausbildungspr\u00fcfung &#8222;Technischer Einsatz&#8220; Bronze 2009 Feuerwehrleistungsabzeichen Silber 2015 Ausbildungspr\u00fcfung &#8222;Technischer Einsatz&#8220; Silber 2017 Ausbildungspr\u00fcfung &#8222;Atemschutz&#8220; Bronze Besondere Auszeichnungen 2025 Katastropheneinsatzmedaille Hochwasser 2024<\/p>\n","protected":false},"author":1,"featured_media":0,"parent":1002,"menu_order":0,"comment_status":"closed","ping_status":"closed","template":"","meta":{"footnotes":""},"class_list":["post-1135","page","type-page","status-publish","hentry"],"_links":{"self":[{"href":"https:\/\/ff.winzendorf.at\/index.php?rest_route=\/wp\/v2\/pages\/1135","targetHints":{"allow":["GET"]}}],"collection":[{"href":"https:\/\/ff.winzendorf.at\/index.php?rest_route=\/wp\/v2\/pages"}],"about":[{"href":"https:\/\/ff.winzendorf.at\/index.php?rest_route=\/wp\/v2\/types\/page"}],"author":[{"embeddable":true,"href":"https:\/\/ff.winzendorf.at\/index.php?rest_route=\/wp\/v2\/users\/1"}],"replies":[{"embeddable":true,"href":"https:\/\/ff.winzendorf.at\/index.php?rest_route=%2Fwp%2Fv2%2Fcomments&post=1135"}],"version-history":[{"count":5,"href":"https:\/\/ff.winzendorf.at\/index.php?rest_route=\/wp\/v2\/pages\/1135\/revisions"}],"predecessor-version":[{"id":3872,"href":"https:\/\/ff.winzendorf.at\/index.php?rest_route=\/wp\/v2\/pages\/1135\/revisions\/3872"}],"up":[{"embeddable":true,"href":"https:\/\/ff.winzendorf.at\/index.php?rest_route=\/wp\/v2\/pages\/1002"}],"wp:attachment":[{"href":"https:\/\/ff.winzendorf.at\/index.php?rest_route=%2Fwp%2Fv2%2Fmedia&parent=1135"}],"curies":[{"name":"wp","href":"https:\/\/api.w.org\/{rel}","templated":true}]}}