{"id":1118,"date":"2019-02-21T10:41:41","date_gmt":"2019-02-21T10:41:41","guid":{"rendered":"http:\/\/ffwi.myprohost.com\/?page_id=1118"},"modified":"2026-01-08T00:20:25","modified_gmt":"2026-01-08T00:20:25","slug":"bm-lusskandl-rene","status":"publish","type":"page","link":"https:\/\/ff.winzendorf.at\/?page_id=1118","title":{"rendered":"OBM LUSSKANDL Rene"},"content":{"rendered":"\n<hr class=\"wp-block-separator has-css-opacity\"\/>\n\n\n\n<figure class=\"wp-block-image size-large is-resized\"><a href=\"https:\/\/ff.winzendorf.at\/wp-content\/uploads\/2021\/12\/Lusskandl-Rene-scaled.jpg\"><img fetchpriority=\"high\" decoding=\"async\" width=\"683\" height=\"1024\" src=\"https:\/\/ff.winzendorf.at\/wp-content\/uploads\/2021\/12\/Lusskandl-Rene-683x1024.jpg\" alt=\"\" class=\"wp-image-2303\" style=\"width:342px;height:512px\" srcset=\"https:\/\/ff.winzendorf.at\/wp-content\/uploads\/2021\/12\/Lusskandl-Rene-683x1024.jpg 683w, https:\/\/ff.winzendorf.at\/wp-content\/uploads\/2021\/12\/Lusskandl-Rene-200x300.jpg 200w, https:\/\/ff.winzendorf.at\/wp-content\/uploads\/2021\/12\/Lusskandl-Rene-768x1152.jpg 768w, https:\/\/ff.winzendorf.at\/wp-content\/uploads\/2021\/12\/Lusskandl-Rene-1024x1536.jpg 1024w, https:\/\/ff.winzendorf.at\/wp-content\/uploads\/2021\/12\/Lusskandl-Rene-1366x2048.jpg 1366w, https:\/\/ff.winzendorf.at\/wp-content\/uploads\/2021\/12\/Lusskandl-Rene-scaled.jpg 1707w\" sizes=\"(max-width: 683px) 100vw, 683px\" \/><\/a><\/figure>\n\n\n\n<hr class=\"wp-block-separator has-css-opacity\"\/>\n\n\n\n<h3 class=\"wp-block-heading\">Beitritt &amp; Funktion<\/h3>\n\n\n\n<table class=\"alignleft\" style=\"height: 60px;\">\n<tbody>\n<tr style=\"height: 30px;\">\n<td style=\"width: 123.72px; height: 30px;\"><strong>Beitrittsdatum<\/strong><\/td>\n<td style=\"width: 436.28px; height: 30px;\">01.07.1997<\/td>\n<\/tr>\n<tr style=\"height: 30px;\">\n<td style=\"width: 123.72px; height: 30px;\"><strong>Funktion<\/strong><\/td>\n<td style=\"width: 436.28px; height: 30px;\">Zugskommandant, Sachbearbeiter EDV<\/td>\n<\/tr>\n<\/tbody>\n<\/table>\n\n\n\n<hr class=\"wp-block-separator has-css-opacity\"\/>\n\n\n\n<div style=\"height:35px\" aria-hidden=\"true\" class=\"wp-block-spacer\"><\/div>\n\n\n\n<h3 class=\"wp-block-heading\">Aktuelle Funktionen<\/h3>\n\n\n\n<table class=\"alignleft\" style=\"height: 124px; width: 100%;\">\n<tbody>\n<tr style=\"height: 30px;\">\n<td style=\"width: 121.717px; height: 30px;\"><strong>seit 2005<br><\/strong><\/td>\n<td style=\"width: 438.283px; height: 30px;\">Sachbearbeiter EDV<\/td>\n<\/tr>\n<tr style=\"height: 32px;\">\n<td style=\"width: 121.717px; height: 32px;\"><strong>seit 2013<\/strong><\/td>\n<td style=\"width: 438.283px; height: 32px;\">Feuerwehrschiffsf\u00fchrer<\/td>\n<\/tr>\n<tr style=\"height: 32px;\">\n<td style=\"width: 121.717px; height: 32px;\"><strong>seit 2016<br><\/strong><\/td>\n<td style=\"width: 438.283px; height: 32px;\">Zugskommandant<\/td>\n<\/tr>\n<\/tbody>\n<\/table>\n\n\n\n<hr class=\"wp-block-separator has-css-opacity\"\/>\n\n\n\n<div style=\"height:35px\" aria-hidden=\"true\" class=\"wp-block-spacer\"><\/div>\n\n\n\n<h3 class=\"wp-block-heading\">Leistungsabzeichen<\/h3>\n\n\n\n<table class=\"alignleft\" style=\"height: 60px;\">\n<tbody>\n<tr style=\"height: 30px;\">\n<td style=\"width: 121.717px; height: 30px;\"><strong>2000<br><\/strong><\/td>\n<td style=\"width: 438.283px; height: 30px;\">Ausbildungspr\u00fcfung &#8222;Technischer Einsatz&#8220; Bronze<\/td>\n<\/tr>\n<tr style=\"height: 30px;\">\n<td style=\"width: 121.717px; height: 30px;\"><strong>2003<br><\/strong><\/td>\n<td style=\"width: 438.283px; height: 30px;\">Ausbildungspr\u00fcfung &#8222;Technischer Einsatz&#8220; Silber<\/td>\n<\/tr>\n<tr>\n<td style=\"width: 121.717px;\"><strong>2003<\/strong><\/td>\n<td style=\"width: 438.283px;\">Feuerwehrleistungsabzeichen Bronze<\/td>\n<\/tr>\n<tr>\n<td style=\"width: 121.717px;\"><strong>2003<\/strong><\/td>\n<td style=\"width: 438.283px;\">Feuerwehrleistungsabzeichen Silber<\/td>\n<\/tr>\n<tr>\n<td style=\"width: 121.717px;\"><strong>2003<\/strong><\/td>\n<td style=\"width: 438.283px;\">Feuerwehrfunkleistungsabzeichen N\u00d6<\/td>\n<\/tr>\n<tr>\n<td style=\"width: 121.717px;\"><strong>2017<\/strong><\/td>\n<td style=\"width: 438.283px;\">Ausbildungspr\u00fcfung &#8222;Atemschutz&#8220; Bronze<\/td>\n<\/tr>\n<tr>\n<td style=\"width: 121.717px;\"><strong>2023<br><\/strong><\/td>\n<td style=\"width: 438.283px;\">Ausbildungspr\u00fcfung &#8222;Atemschutz&#8220; Silber<\/td>\n<\/tr>\n<\/tbody>\n<\/table>\n\n\n\n<hr class=\"wp-block-separator has-css-opacity\"\/>\n\n\n\n<div style=\"height:35px\" aria-hidden=\"true\" class=\"wp-block-spacer\"><\/div>\n\n\n\n<h3 class=\"wp-block-heading\">Besondere Auszeichnungen<\/h3>\n\n\n\n<table class=\"alignleft\" style=\"height: 98px; width: 100%;\">\n<tbody>\n<tr style=\"height: 30px;\">\n<td style=\"width: 122.15px; height: 29px;\"><strong>2000<br \/><\/strong><\/td>\n<td style=\"width: 439.85px; height: 29px;\">Wehrdienstmedaille in Bronze nach dem Grundwehr- bzw. Ausbildungsdienst<\/td>\n<\/tr>\n<tr style=\"height: 46px;\">\n<td style=\"width: 122.15px; height: 46px;\"><strong>2022<br \/><\/strong><\/td>\n<td style=\"width: 439.85px; height: 46px;\">Ehrenzeichen f\u00fcr vielj\u00e4hrige verdienstvolle T\u00e4tigkeit auf dem Gebiete des Feuerwehr- und Rettungswesens 25 Jahre<\/td>\n<\/tr>\n<tr style=\"height: 23px;\">\n<td style=\"width: 122.15px; height: 23px;\"><strong>2022<br \/><\/strong><\/td>\n<td style=\"width: 439.85px; height: 23px;\">Verdienstzeichen N\u00d6 LFV 3. Klasse Bronze<\/td>\n<\/tr>\n<tr>\n<td style=\"width: 122.15px;\"><strong>2025<\/strong><\/td>\n<td style=\"width: 439.85px;\">Katastropheneinsatzmedaille Hochwasser 2024<\/td>\n<\/tr>\n<\/tbody>\n<\/table>\n","protected":false},"excerpt":{"rendered":"<p>Beitritt &amp; Funktion Beitrittsdatum 01.07.1997 Funktion Zugskommandant, Sachbearbeiter EDV Aktuelle Funktionen seit 2005 Sachbearbeiter EDV seit 2013 Feuerwehrschiffsf\u00fchrer seit 2016 Zugskommandant Leistungsabzeichen 2000 Ausbildungspr\u00fcfung &#8222;Technischer Einsatz&#8220; Bronze 2003 Ausbildungspr\u00fcfung &#8222;Technischer Einsatz&#8220; Silber 2003 Feuerwehrleistungsabzeichen Bronze 2003 Feuerwehrleistungsabzeichen Silber 2003 Feuerwehrfunkleistungsabzeichen N\u00d6 2017 Ausbildungspr\u00fcfung &#8222;Atemschutz&#8220; Bronze 2023 Ausbildungspr\u00fcfung &#8222;Atemschutz&#8220; Silber Besondere Auszeichnungen 2000 Wehrdienstmedaille in Bronze [&hellip;]<\/p>\n","protected":false},"author":1,"featured_media":0,"parent":993,"menu_order":0,"comment_status":"closed","ping_status":"closed","template":"","meta":{"footnotes":""},"class_list":["post-1118","page","type-page","status-publish","hentry"],"_links":{"self":[{"href":"https:\/\/ff.winzendorf.at\/index.php?rest_route=\/wp\/v2\/pages\/1118","targetHints":{"allow":["GET"]}}],"collection":[{"href":"https:\/\/ff.winzendorf.at\/index.php?rest_route=\/wp\/v2\/pages"}],"about":[{"href":"https:\/\/ff.winzendorf.at\/index.php?rest_route=\/wp\/v2\/types\/page"}],"author":[{"embeddable":true,"href":"https:\/\/ff.winzendorf.at\/index.php?rest_route=\/wp\/v2\/users\/1"}],"replies":[{"embeddable":true,"href":"https:\/\/ff.winzendorf.at\/index.php?rest_route=%2Fwp%2Fv2%2Fcomments&post=1118"}],"version-history":[{"count":8,"href":"https:\/\/ff.winzendorf.at\/index.php?rest_route=\/wp\/v2\/pages\/1118\/revisions"}],"predecessor-version":[{"id":3857,"href":"https:\/\/ff.winzendorf.at\/index.php?rest_route=\/wp\/v2\/pages\/1118\/revisions\/3857"}],"up":[{"embeddable":true,"href":"https:\/\/ff.winzendorf.at\/index.php?rest_route=\/wp\/v2\/pages\/993"}],"wp:attachment":[{"href":"https:\/\/ff.winzendorf.at\/index.php?rest_route=%2Fwp%2Fv2%2Fmedia&parent=1118"}],"curies":[{"name":"wp","href":"https:\/\/api.w.org\/{rel}","templated":true}]}}