{"id":1108,"date":"2019-02-21T10:31:48","date_gmt":"2019-02-21T10:31:48","guid":{"rendered":"http:\/\/ffwi.myprohost.com\/?page_id=1108"},"modified":"2025-07-24T17:53:10","modified_gmt":"2025-07-24T17:53:10","slug":"hlm-zwinz-albert","status":"publish","type":"page","link":"https:\/\/ff.winzendorf.at\/?page_id=1108","title":{"rendered":"ASB ZWINZ Albert"},"content":{"rendered":"\n<hr class=\"wp-block-separator has-css-opacity\"\/>\n\n\n\n<figure class=\"wp-block-image size-large is-resized\"><a href=\"https:\/\/ff.winzendorf.at\/wp-content\/uploads\/2021\/12\/Zwinz-Albert-scaled.jpg\"><img fetchpriority=\"high\" decoding=\"async\" width=\"683\" height=\"1024\" src=\"https:\/\/ff.winzendorf.at\/wp-content\/uploads\/2021\/12\/Zwinz-Albert-683x1024.jpg\" alt=\"\" class=\"wp-image-2311\" style=\"width:342px;height:512px\" srcset=\"https:\/\/ff.winzendorf.at\/wp-content\/uploads\/2021\/12\/Zwinz-Albert-683x1024.jpg 683w, https:\/\/ff.winzendorf.at\/wp-content\/uploads\/2021\/12\/Zwinz-Albert-200x300.jpg 200w, https:\/\/ff.winzendorf.at\/wp-content\/uploads\/2021\/12\/Zwinz-Albert-768x1152.jpg 768w, https:\/\/ff.winzendorf.at\/wp-content\/uploads\/2021\/12\/Zwinz-Albert-1024x1536.jpg 1024w, https:\/\/ff.winzendorf.at\/wp-content\/uploads\/2021\/12\/Zwinz-Albert-1365x2048.jpg 1365w, https:\/\/ff.winzendorf.at\/wp-content\/uploads\/2021\/12\/Zwinz-Albert-scaled.jpg 1707w\" sizes=\"(max-width: 683px) 100vw, 683px\" \/><\/a><\/figure>\n\n\n\n<hr class=\"wp-block-separator has-css-opacity\"\/>\n\n\n\n<h3 class=\"wp-block-heading\">Beitritt &amp; Funktion<\/h3>\n\n\n\n<table class=\"alignleft\" style=\"height: 60px;\">\n<tbody>\n<tr style=\"height: 30px;\">\n<td style=\"width: 122.217px; height: 30px;\"><strong>Beitrittsdatum<\/strong><\/td>\n<td style=\"width: 439.783px; height: 30px;\">01.04.1979<\/td>\n<\/tr>\n<tr style=\"height: 30px;\">\n<td style=\"width: 122.217px; height: 30px;\"><strong>Funktion<\/strong><\/td>\n<td style=\"width: 439.783px; height: 30px;\">Sachbearbeiter Feuerwehrgeschichte, Abschnittssachbearbeiter Feuerwehrgeschichte<\/td>\n<\/tr>\n<\/tbody>\n<\/table>\n\n\n\n<hr class=\"wp-block-separator has-css-opacity\"\/>\n\n\n\n<div style=\"height:35px\" aria-hidden=\"true\" class=\"wp-block-spacer\"><\/div>\n\n\n\n<h3 class=\"wp-block-heading\">Aktuelle Funktionen<\/h3>\n\n\n\n<table class=\"alignleft\" style=\"height: 60px;\">\n<tbody>\n<tr style=\"height: 30px;\">\n<td style=\"width: 121.717px; height: 30px;\"><strong>seit 2017<br \/><\/strong><\/td>\n<td style=\"width: 438.283px; height: 30px;\">Sachbearbeiter Feuerwehrgeschichte<\/td>\n<\/tr>\n<tr>\n<td style=\"width: 121.717px;\"><strong>seit 2021<\/strong><\/td>\n<td style=\"width: 438.283px;\">Abschnittssachbearbeiter Feuerwehrgeschichte<\/td>\n<\/tr>\n<\/tbody>\n<\/table>\n\n\n\n<hr class=\"wp-block-separator has-css-opacity\"\/>\n\n\n\n<div style=\"height:35px\" aria-hidden=\"true\" class=\"wp-block-spacer\"><\/div>\n\n\n\n<h3 class=\"wp-block-heading\">Leistungsabzeichen<\/h3>\n\n\n\n<table class=\"alignleft\" style=\"height: 60px;\">\n<tbody>\n<tr style=\"height: 30px;\">\n<td style=\"width: 121.717px; height: 30px;\"><strong>1984<br><\/strong><\/td>\n<td style=\"width: 438.283px; height: 30px;\">Feuerwehrleistungsabzeichen Silber<\/td>\n<\/tr>\n<tr>\n<td style=\"width: 121.717px;\"><strong>2000<\/strong><\/td>\n<td style=\"width: 438.283px;\">Ausbildungspr\u00fcfung &#8222;Technischer Einsatz&#8220; Bronze<\/td>\n<\/tr>\n<tr>\n<td style=\"width: 121.717px;\"><strong>2000<\/strong><\/td>\n<td style=\"width: 438.283px;\">Feuerwehrleistungsabzeichen Bronze<\/td>\n<\/tr>\n<\/tbody>\n<\/table>\n\n\n\n<hr class=\"wp-block-separator has-css-opacity\"\/>\n\n\n\n<div style=\"height:35px\" aria-hidden=\"true\" class=\"wp-block-spacer\"><\/div>\n\n\n\n<h3 class=\"wp-block-heading\">Besondere Auszeichnungen<\/h3>\n\n\n\n<table class=\"alignleft\" style=\"height: 99px; width: 100%;\">\n<tbody>\n<tr style=\"height: 30px;\">\n<td style=\"width: 122.15px; height: 30px;\"><strong>2008<br \/><\/strong><\/td>\n<td style=\"width: 439.85px; height: 30px;\">Ehrenabzeichen f\u00fcr vielj\u00e4hrige verdienstvolle T\u00e4tigkeit auf dem Gebiet des Feuerwehr- &amp; Rettungswesens 25 Jahre<\/td>\n<\/tr>\n<tr style=\"height: 46px;\">\n<td style=\"width: 122.15px; height: 46px;\"><strong>2019<\/strong><\/td>\n<td style=\"width: 439.85px; height: 46px;\">Ehrenzeichen f\u00fcr vielj\u00e4hrige verdienstvolle T\u00e4tigkeit auf dem Gebiete des Feuerwehr- und Rettungswesens 40 Jahre<\/td>\n<\/tr>\n<tr style=\"height: 23px;\">\n<td style=\"width: 122.15px; height: 23px;\"><strong>2022<\/strong><\/td>\n<td style=\"width: 439.85px; height: 23px;\">Verdienstmedaille N\u00d6 LFV 3. Klasse in Bronze<\/td>\n<\/tr>\n<\/tbody>\n<\/table>\n","protected":false},"excerpt":{"rendered":"<p>Beitritt &amp; Funktion Beitrittsdatum 01.04.1979 Funktion Sachbearbeiter Feuerwehrgeschichte, Abschnittssachbearbeiter Feuerwehrgeschichte Aktuelle Funktionen seit 2017 Sachbearbeiter Feuerwehrgeschichte seit 2021 Abschnittssachbearbeiter Feuerwehrgeschichte Leistungsabzeichen 1984 Feuerwehrleistungsabzeichen Silber 2000 Ausbildungspr\u00fcfung &#8222;Technischer Einsatz&#8220; Bronze 2000 Feuerwehrleistungsabzeichen Bronze Besondere Auszeichnungen 2008 Ehrenabzeichen f\u00fcr vielj\u00e4hrige verdienstvolle T\u00e4tigkeit auf dem Gebiet des Feuerwehr- &amp; Rettungswesens 25 Jahre 2019 Ehrenzeichen f\u00fcr vielj\u00e4hrige verdienstvolle T\u00e4tigkeit [&hellip;]<\/p>\n","protected":false},"author":1,"featured_media":0,"parent":1000,"menu_order":0,"comment_status":"closed","ping_status":"closed","template":"","meta":{"footnotes":""},"class_list":["post-1108","page","type-page","status-publish","hentry"],"_links":{"self":[{"href":"https:\/\/ff.winzendorf.at\/index.php?rest_route=\/wp\/v2\/pages\/1108","targetHints":{"allow":["GET"]}}],"collection":[{"href":"https:\/\/ff.winzendorf.at\/index.php?rest_route=\/wp\/v2\/pages"}],"about":[{"href":"https:\/\/ff.winzendorf.at\/index.php?rest_route=\/wp\/v2\/types\/page"}],"author":[{"embeddable":true,"href":"https:\/\/ff.winzendorf.at\/index.php?rest_route=\/wp\/v2\/users\/1"}],"replies":[{"embeddable":true,"href":"https:\/\/ff.winzendorf.at\/index.php?rest_route=%2Fwp%2Fv2%2Fcomments&post=1108"}],"version-history":[{"count":8,"href":"https:\/\/ff.winzendorf.at\/index.php?rest_route=\/wp\/v2\/pages\/1108\/revisions"}],"predecessor-version":[{"id":3640,"href":"https:\/\/ff.winzendorf.at\/index.php?rest_route=\/wp\/v2\/pages\/1108\/revisions\/3640"}],"up":[{"embeddable":true,"href":"https:\/\/ff.winzendorf.at\/index.php?rest_route=\/wp\/v2\/pages\/1000"}],"wp:attachment":[{"href":"https:\/\/ff.winzendorf.at\/index.php?rest_route=%2Fwp%2Fv2%2Fmedia&parent=1108"}],"curies":[{"name":"wp","href":"https:\/\/api.w.org\/{rel}","templated":true}]}}