{"id":1090,"date":"2019-02-21T09:52:52","date_gmt":"2019-02-21T09:52:52","guid":{"rendered":"http:\/\/ffwi.myprohost.com\/?page_id=1090"},"modified":"2025-07-24T18:11:48","modified_gmt":"2025-07-24T18:11:48","slug":"lm-schmutzer-johann","status":"publish","type":"page","link":"https:\/\/ff.winzendorf.at\/?page_id=1090","title":{"rendered":"BM SCHMUTZER Johann"},"content":{"rendered":"\n<hr class=\"wp-block-separator has-css-opacity\"\/>\n\n\n\n<figure class=\"wp-block-image size-large is-resized\"><a href=\"https:\/\/ff.winzendorf.at\/wp-content\/uploads\/2021\/12\/Schmutzer-Johann-scaled.jpg\"><img fetchpriority=\"high\" decoding=\"async\" width=\"683\" height=\"1024\" src=\"https:\/\/ff.winzendorf.at\/wp-content\/uploads\/2021\/12\/Schmutzer-Johann-683x1024.jpg\" alt=\"\" class=\"wp-image-2293\" style=\"width:342px;height:512px\" srcset=\"https:\/\/ff.winzendorf.at\/wp-content\/uploads\/2021\/12\/Schmutzer-Johann-683x1024.jpg 683w, https:\/\/ff.winzendorf.at\/wp-content\/uploads\/2021\/12\/Schmutzer-Johann-200x300.jpg 200w, https:\/\/ff.winzendorf.at\/wp-content\/uploads\/2021\/12\/Schmutzer-Johann-768x1152.jpg 768w, https:\/\/ff.winzendorf.at\/wp-content\/uploads\/2021\/12\/Schmutzer-Johann-1024x1536.jpg 1024w, https:\/\/ff.winzendorf.at\/wp-content\/uploads\/2021\/12\/Schmutzer-Johann-1365x2048.jpg 1365w, https:\/\/ff.winzendorf.at\/wp-content\/uploads\/2021\/12\/Schmutzer-Johann-scaled.jpg 1706w\" sizes=\"(max-width: 683px) 100vw, 683px\" \/><\/a><\/figure>\n\n\n\n<hr class=\"wp-block-separator has-css-opacity\"\/>\n\n\n\n<h3 class=\"wp-block-heading\">Beitritt &amp; Funktion<\/h3>\n\n\n\n<table class=\"alignleft\" style=\"height: 60px;\">\n<tbody>\n<tr style=\"height: 30px;\">\n<td style=\"width: 122.217px; height: 30px;\"><strong>Beitrittsdatum<\/strong><\/td>\n<td style=\"width: 439.783px; height: 30px;\">06.01.1995<\/td>\n<\/tr>\n<tr style=\"height: 30px;\">\n<td style=\"width: 122.217px; height: 30px;\"><strong>Funktion<\/strong><\/td>\n<td style=\"width: 439.783px; height: 30px;\">Zugskommandant<\/td>\n<\/tr>\n<\/tbody>\n<\/table>\n\n\n\n<hr class=\"wp-block-separator has-css-opacity\"\/>\n\n\n\n<div style=\"height:35px\" aria-hidden=\"true\" class=\"wp-block-spacer\"><\/div>\n\n\n\n<h3 class=\"wp-block-heading\">Aktuelle Funktionen<\/h3>\n\n\n\n<table class=\"alignleft\" style=\"height: 60px;\">\n<tbody>\n<tr>\n<td style=\"width: 121.717px;\"><strong>seit 2024<\/strong><\/td>\n<td style=\"width: 438.283px;\">Zugskommandant<\/td>\n<\/tr>\n<\/tbody>\n<\/table>\n\n\n\n<hr class=\"wp-block-separator has-css-opacity\"\/>\n\n\n\n<div style=\"height:35px\" aria-hidden=\"true\" class=\"wp-block-spacer\"><\/div>\n\n\n\n<h3 class=\"wp-block-heading\">Leistungsabzeichen<\/h3>\n\n\n\n<table class=\"alignleft\" style=\"height: 99px; width: 100%;\">\n<tbody>\n<tr style=\"height: 30px;\">\n<td style=\"width: 121.717px; height: 30px;\"><strong>2003<br \/><\/strong><\/td>\n<td style=\"width: 438.283px; height: 30px;\">Feuerwehrleistungsabzeichen Bronze<\/td>\n<\/tr>\n<tr style=\"height: 23px;\">\n<td style=\"width: 121.717px; height: 23px;\"><strong>2017<\/strong><\/td>\n<td style=\"width: 438.283px; height: 23px;\">Ausbildungspr\u00fcfung &#8222;Atemschutz&#8220; Bronze<\/td>\n<\/tr>\n<tr style=\"height: 23px;\">\n<td style=\"width: 121.717px; height: 23px;\"><strong>2023<\/strong><\/td>\n<td style=\"width: 438.283px; height: 23px;\">Ausbildungspr\u00fcfung &#8222;Atemschutz&#8220; Silber<\/td>\n<\/tr>\n<tr style=\"height: 23px;\">\n<td style=\"width: 121.717px; height: 23px;\"><strong>2024<\/strong><\/td>\n<td style=\"width: 438.283px; height: 23px;\">N\u00d6-Feuerwehr-Funkleistungsabzeichen<\/td>\n<\/tr>\n<\/tbody>\n<\/table>\n\n\n\n<hr class=\"wp-block-separator has-css-opacity\"\/>\n\n\n\n<div style=\"height:35px\" aria-hidden=\"true\" class=\"wp-block-spacer\"><\/div>\n\n\n\n<h3 class=\"wp-block-heading\">Besondere Auszeichnungen<\/h3>\n\n\n\n<table class=\"alignleft\" style=\"height: 60px;\">\n<tbody>\n<tr style=\"height: 30px;\">\n<td style=\"width: 121.717px; height: 30px;\"><strong>2020<\/strong><\/td>\n<td style=\"width: 438.283px; height: 30px;\">Ehrenzeichen f\u00fcr vielj\u00e4hrige T\u00e4tigkeit auf dem Gebiete des Feuerwehr- und Rettungswesens 25 Jahre<\/td>\n<\/tr>\n<tr>\n<td style=\"width: 121.717px;\"><strong>2024<\/strong><\/td>\n<td style=\"width: 438.283px;\">Verdienstzeichen N\u00d6 LFV 3. Klasse in Bronze<\/td>\n<\/tr>\n<\/tbody>\n<\/table>\n","protected":false},"excerpt":{"rendered":"<p>Beitritt &amp; Funktion Beitrittsdatum 06.01.1995 Funktion Zugskommandant Aktuelle Funktionen seit 2024 Zugskommandant Leistungsabzeichen 2003 Feuerwehrleistungsabzeichen Bronze 2017 Ausbildungspr\u00fcfung &#8222;Atemschutz&#8220; Bronze 2023 Ausbildungspr\u00fcfung &#8222;Atemschutz&#8220; Silber 2024 N\u00d6-Feuerwehr-Funkleistungsabzeichen Besondere Auszeichnungen 2020 Ehrenzeichen f\u00fcr vielj\u00e4hrige T\u00e4tigkeit auf dem Gebiete des Feuerwehr- und Rettungswesens 25 Jahre 2024 Verdienstzeichen N\u00d6 LFV 3. Klasse in Bronze<\/p>\n","protected":false},"author":3,"featured_media":0,"parent":992,"menu_order":0,"comment_status":"closed","ping_status":"closed","template":"","meta":{"footnotes":""},"class_list":["post-1090","page","type-page","status-publish","hentry"],"_links":{"self":[{"href":"https:\/\/ff.winzendorf.at\/index.php?rest_route=\/wp\/v2\/pages\/1090","targetHints":{"allow":["GET"]}}],"collection":[{"href":"https:\/\/ff.winzendorf.at\/index.php?rest_route=\/wp\/v2\/pages"}],"about":[{"href":"https:\/\/ff.winzendorf.at\/index.php?rest_route=\/wp\/v2\/types\/page"}],"author":[{"embeddable":true,"href":"https:\/\/ff.winzendorf.at\/index.php?rest_route=\/wp\/v2\/users\/3"}],"replies":[{"embeddable":true,"href":"https:\/\/ff.winzendorf.at\/index.php?rest_route=%2Fwp%2Fv2%2Fcomments&post=1090"}],"version-history":[{"count":7,"href":"https:\/\/ff.winzendorf.at\/index.php?rest_route=\/wp\/v2\/pages\/1090\/revisions"}],"predecessor-version":[{"id":3646,"href":"https:\/\/ff.winzendorf.at\/index.php?rest_route=\/wp\/v2\/pages\/1090\/revisions\/3646"}],"up":[{"embeddable":true,"href":"https:\/\/ff.winzendorf.at\/index.php?rest_route=\/wp\/v2\/pages\/992"}],"wp:attachment":[{"href":"https:\/\/ff.winzendorf.at\/index.php?rest_route=%2Fwp%2Fv2%2Fmedia&parent=1090"}],"curies":[{"name":"wp","href":"https:\/\/api.w.org\/{rel}","templated":true}]}}